{"id":37467,"date":"2026-04-20T11:45:35","date_gmt":"2026-04-20T11:45:35","guid":{"rendered":"https:\/\/image-spot.com\/pricing\/"},"modified":"2026-04-20T16:17:23","modified_gmt":"2026-04-20T16:17:23","slug":"pricing","status":"publish","type":"page","link":"https:\/\/image-spot.com\/tr\/pricing\/","title":{"rendered":"Fiyatland\u0131rma"},"content":{"rendered":"\t\t<div data-elementor-type=\"wp-page\" data-elementor-id=\"37467\" class=\"elementor elementor-37467 elementor-37396\" data-elementor-post-type=\"page\">\n\t\t\t\t<div class=\"elementor-element elementor-element-3f6dfda e-grid e-con-boxed e-con e-parent \" data-id=\"3f6dfda\" data-element_type=\"container\">\t\t\t<div class=\"e-con-inner\">\r\n\t\t\t\t<div class=\"elementor-element elementor-element-472bc39 elementor-widget elementor-widget-pxl_pricing\" data-id=\"472bc39\" data-element_type=\"widget\" data-widget_type=\"pxl_pricing.default\">\n\t\t\t\t<div class=\"elementor-widget-container\">\n\t\t\t\t\t<div class=\"pxl-pricing pxl-pricing__style-1  \" data-wow-delay=\"ms\" >\r\n            <div class=\"pxl-pricing__plan\">\r\n            Ba\u015flang\u0131\u00e7 Paketi         <\/div>\r\n        <div class=\"pxl-pricing__price\">\r\n        <span class=\"pxl-pricing__price-detail\">\u20ac50<\/span>    <\/div>\r\n    <p class=\"pxl-pricing__desc\"><\/p>\r\n            <ul class=\"pxl-pricing__featured\">\r\n                                <li>\r\n                        <svg xmlns=\"http:\/\/www.w3.org\/2000\/svg\" width=\"16\" height=\"16\" viewBox=\"0 0 16 16\" fill=\"none\">\r\n                            <path d=\"M14.764 1.75631C11.9687 2.67386 8.40519 5.12775 5.1191 9.33138L3.17733 7.17622C2.87859 6.83481 2.3238 6.83481 2.02506 7.17622L0.595402 8.77659C0.318005 9.09666 0.339343 9.5661 0.638079 9.8435L5.03375 14.0685C5.3965 14.4099 5.99397 14.3245 6.25003 13.8764C8.59723 9.63012 11.1151 6.47206 15.3828 2.84456C15.8949 2.39646 15.4255 1.54293 14.764 1.75631Z\" fill=\"#181D27\"\/>\r\n                        <\/svg>\r\n                        50 \u00fcretim kredisi                    <\/li>\r\n                                <li>\r\n                        <svg xmlns=\"http:\/\/www.w3.org\/2000\/svg\" width=\"16\" height=\"16\" viewBox=\"0 0 16 16\" fill=\"none\">\r\n                            <path d=\"M14.764 1.75631C11.9687 2.67386 8.40519 5.12775 5.1191 9.33138L3.17733 7.17622C2.87859 6.83481 2.3238 6.83481 2.02506 7.17622L0.595402 8.77659C0.318005 9.09666 0.339343 9.5661 0.638079 9.8435L5.03375 14.0685C5.3965 14.4099 5.99397 14.3245 6.25003 13.8764C8.59723 9.63012 11.1151 6.47206 15.3828 2.84456C15.8949 2.39646 15.4255 1.54293 14.764 1.75631Z\" fill=\"#181D27\"\/>\r\n                        <\/svg>\r\n                        Temel yarat\u0131c\u0131 ara\u00e7lar dahil                    <\/li>\r\n                                <li>\r\n                        <svg xmlns=\"http:\/\/www.w3.org\/2000\/svg\" width=\"16\" height=\"16\" viewBox=\"0 0 16 16\" fill=\"none\">\r\n                            <path d=\"M14.764 1.75631C11.9687 2.67386 8.40519 5.12775 5.1191 9.33138L3.17733 7.17622C2.87859 6.83481 2.3238 6.83481 2.02506 7.17622L0.595402 8.77659C0.318005 9.09666 0.339343 9.5661 0.638079 9.8435L5.03375 14.0685C5.3965 14.4099 5.99397 14.3245 6.25003 13.8764C8.59723 9.63012 11.1151 6.47206 15.3828 2.84456C15.8949 2.39646 15.4255 1.54293 14.764 1.75631Z\" fill=\"#181D27\"\/>\r\n                        <\/svg>\r\n                        H\u0131zland\u0131r\u0131lm\u0131\u015f i\u015fleme h\u0131z\u0131                    <\/li>\r\n                                <li>\r\n                        <svg xmlns=\"http:\/\/www.w3.org\/2000\/svg\" width=\"16\" height=\"16\" viewBox=\"0 0 16 16\" fill=\"none\">\r\n                            <path d=\"M14.764 1.75631C11.9687 2.67386 8.40519 5.12775 5.1191 9.33138L3.17733 7.17622C2.87859 6.83481 2.3238 6.83481 2.02506 7.17622L0.595402 8.77659C0.318005 9.09666 0.339343 9.5661 0.638079 9.8435L5.03375 14.0685C5.3965 14.4099 5.99397 14.3245 6.25003 13.8764C8.59723 9.63012 11.1151 6.47206 15.3828 2.84456C15.8949 2.39646 15.4255 1.54293 14.764 1.75631Z\" fill=\"#181D27\"\/>\r\n                        <\/svg>\r\n                        Krediler s\u00fcresiz ge\u00e7erli                    <\/li>\r\n                                <li>\r\n                        <svg xmlns=\"http:\/\/www.w3.org\/2000\/svg\" width=\"16\" height=\"16\" viewBox=\"0 0 16 16\" fill=\"none\">\r\n                            <path d=\"M14.764 1.75631C11.9687 2.67386 8.40519 5.12775 5.1191 9.33138L3.17733 7.17622C2.87859 6.83481 2.3238 6.83481 2.02506 7.17622L0.595402 8.77659C0.318005 9.09666 0.339343 9.5661 0.638079 9.8435L5.03375 14.0685C5.3965 14.4099 5.99397 14.3245 6.25003 13.8764C8.59723 9.63012 11.1151 6.47206 15.3828 2.84456C15.8949 2.39646 15.4255 1.54293 14.764 1.75631Z\" fill=\"#181D27\"\/>\r\n                        <\/svg>\r\n                        Temel m\u00fc\u015fteri deste\u011fi                    <\/li>\r\n                    <\/ul>\r\n                <a class=\"pxl-pricing__button btn btn__transparent btn-glossy\" href=\"https:\/\/image-spot.com\/contact\/\">\r\n            Start Starter Pack         <\/a>\r\n    <\/div>\t\t\t\t<\/div>\n\t\t\t\t<\/div>\n\t\t\t\t<div class=\"elementor-element elementor-element-e2e5e4e elementor-widget elementor-widget-pxl_pricing\" data-id=\"e2e5e4e\" data-element_type=\"widget\" data-widget_type=\"pxl_pricing.default\">\n\t\t\t\t<div class=\"elementor-widget-container\">\n\t\t\t\t\t<div class=\"pxl-pricing pxl-pricing__style-1  \" data-wow-delay=\"ms\" >\r\n            <div class=\"pxl-pricing__plan\">\r\n            Geli\u015fmi\u015f Paket        <\/div>\r\n        <div class=\"pxl-pricing__price\">\r\n        <span class=\"pxl-pricing__price-detail\">\u20ac100<\/span>    <\/div>\r\n    <p class=\"pxl-pricing__desc\"><\/p>\r\n            <ul class=\"pxl-pricing__featured\">\r\n                                <li>\r\n                        <svg xmlns=\"http:\/\/www.w3.org\/2000\/svg\" width=\"16\" height=\"16\" viewBox=\"0 0 16 16\" fill=\"none\">\r\n                            <path d=\"M14.764 1.75631C11.9687 2.67386 8.40519 5.12775 5.1191 9.33138L3.17733 7.17622C2.87859 6.83481 2.3238 6.83481 2.02506 7.17622L0.595402 8.77659C0.318005 9.09666 0.339343 9.5661 0.638079 9.8435L5.03375 14.0685C5.3965 14.4099 5.99397 14.3245 6.25003 13.8764C8.59723 9.63012 11.1151 6.47206 15.3828 2.84456C15.8949 2.39646 15.4255 1.54293 14.764 1.75631Z\" fill=\"#181D27\"\/>\r\n                        <\/svg>\r\n                        100 \u00fcretim kredisi                    <\/li>\r\n                                <li>\r\n                        <svg xmlns=\"http:\/\/www.w3.org\/2000\/svg\" width=\"16\" height=\"16\" viewBox=\"0 0 16 16\" fill=\"none\">\r\n                            <path d=\"M14.764 1.75631C11.9687 2.67386 8.40519 5.12775 5.1191 9.33138L3.17733 7.17622C2.87859 6.83481 2.3238 6.83481 2.02506 7.17622L0.595402 8.77659C0.318005 9.09666 0.339343 9.5661 0.638079 9.8435L5.03375 14.0685C5.3965 14.4099 5.99397 14.3245 6.25003 13.8764C8.59723 9.63012 11.1151 6.47206 15.3828 2.84456C15.8949 2.39646 15.4255 1.54293 14.764 1.75631Z\" fill=\"#181D27\"\/>\r\n                        <\/svg>\r\n                        Tam profesyonel ara\u00e7 seti                    <\/li>\r\n                                <li>\r\n                        <svg xmlns=\"http:\/\/www.w3.org\/2000\/svg\" width=\"16\" height=\"16\" viewBox=\"0 0 16 16\" fill=\"none\">\r\n                            <path d=\"M14.764 1.75631C11.9687 2.67386 8.40519 5.12775 5.1191 9.33138L3.17733 7.17622C2.87859 6.83481 2.3238 6.83481 2.02506 7.17622L0.595402 8.77659C0.318005 9.09666 0.339343 9.5661 0.638079 9.8435L5.03375 14.0685C5.3965 14.4099 5.99397 14.3245 6.25003 13.8764C8.59723 9.63012 11.1151 6.47206 15.3828 2.84456C15.8949 2.39646 15.4255 1.54293 14.764 1.75631Z\" fill=\"#181D27\"\/>\r\n                        <\/svg>\r\n                        Daha h\u0131zl\u0131 sonu\u00e7lar i\u00e7in \u00f6ncelikli kuyruk                    <\/li>\r\n                                <li>\r\n                        <svg xmlns=\"http:\/\/www.w3.org\/2000\/svg\" width=\"16\" height=\"16\" viewBox=\"0 0 16 16\" fill=\"none\">\r\n                            <path d=\"M14.764 1.75631C11.9687 2.67386 8.40519 5.12775 5.1191 9.33138L3.17733 7.17622C2.87859 6.83481 2.3238 6.83481 2.02506 7.17622L0.595402 8.77659C0.318005 9.09666 0.339343 9.5661 0.638079 9.8435L5.03375 14.0685C5.3965 14.4099 5.99397 14.3245 6.25003 13.8764C8.59723 9.63012 11.1151 6.47206 15.3828 2.84456C15.8949 2.39646 15.4255 1.54293 14.764 1.75631Z\" fill=\"#181D27\"\/>\r\n                        <\/svg>\r\n                        Krediler s\u00fcresiz ge\u00e7erli                    <\/li>\r\n                                <li>\r\n                        <svg xmlns=\"http:\/\/www.w3.org\/2000\/svg\" width=\"16\" height=\"16\" viewBox=\"0 0 16 16\" fill=\"none\">\r\n                            <path d=\"M14.764 1.75631C11.9687 2.67386 8.40519 5.12775 5.1191 9.33138L3.17733 7.17622C2.87859 6.83481 2.3238 6.83481 2.02506 7.17622L0.595402 8.77659C0.318005 9.09666 0.339343 9.5661 0.638079 9.8435L5.03375 14.0685C5.3965 14.4099 5.99397 14.3245 6.25003 13.8764C8.59723 9.63012 11.1151 6.47206 15.3828 2.84456C15.8949 2.39646 15.4255 1.54293 14.764 1.75631Z\" fill=\"#181D27\"\/>\r\n                        <\/svg>\r\n                        \u00d6ncelikli destek hizmeti                    <\/li>\r\n                    <\/ul>\r\n                <a class=\"pxl-pricing__button btn btn__transparent btn-glossy\" href=\"https:\/\/image-spot.com\/contact\/\">\r\n            Start Advanced Pack        <\/a>\r\n    <\/div>\t\t\t\t<\/div>\n\t\t\t\t<\/div>\n\t\t\t\t<div class=\"elementor-element elementor-element-41b6a8e elementor-widget elementor-widget-pxl_pricing\" data-id=\"41b6a8e\" data-element_type=\"widget\" data-widget_type=\"pxl_pricing.default\">\n\t\t\t\t<div class=\"elementor-widget-container\">\n\t\t\t\t\t<div class=\"pxl-pricing pxl-pricing__style-1  \" data-wow-delay=\"ms\" >\r\n            <div class=\"pxl-pricing__plan\">\r\n            St\u00fcdyo Paketi        <\/div>\r\n        <div class=\"pxl-pricing__price\">\r\n        <span class=\"pxl-pricing__price-detail\">\u20ac250<\/span>    <\/div>\r\n    <p class=\"pxl-pricing__desc\"><\/p>\r\n            <ul class=\"pxl-pricing__featured\">\r\n                                <li>\r\n                        <svg xmlns=\"http:\/\/www.w3.org\/2000\/svg\" width=\"16\" height=\"16\" viewBox=\"0 0 16 16\" fill=\"none\">\r\n                            <path d=\"M14.764 1.75631C11.9687 2.67386 8.40519 5.12775 5.1191 9.33138L3.17733 7.17622C2.87859 6.83481 2.3238 6.83481 2.02506 7.17622L0.595402 8.77659C0.318005 9.09666 0.339343 9.5661 0.638079 9.8435L5.03375 14.0685C5.3965 14.4099 5.99397 14.3245 6.25003 13.8764C8.59723 9.63012 11.1151 6.47206 15.3828 2.84456C15.8949 2.39646 15.4255 1.54293 14.764 1.75631Z\" fill=\"#181D27\"\/>\r\n                        <\/svg>\r\n                        250 \u00fcretim kredisi                    <\/li>\r\n                                <li>\r\n                        <svg xmlns=\"http:\/\/www.w3.org\/2000\/svg\" width=\"16\" height=\"16\" viewBox=\"0 0 16 16\" fill=\"none\">\r\n                            <path d=\"M14.764 1.75631C11.9687 2.67386 8.40519 5.12775 5.1191 9.33138L3.17733 7.17622C2.87859 6.83481 2.3238 6.83481 2.02506 7.17622L0.595402 8.77659C0.318005 9.09666 0.339343 9.5661 0.638079 9.8435L5.03375 14.0685C5.3965 14.4099 5.99397 14.3245 6.25003 13.8764C8.59723 9.63012 11.1151 6.47206 15.3828 2.84456C15.8949 2.39646 15.4255 1.54293 14.764 1.75631Z\" fill=\"#181D27\"\/>\r\n                        <\/svg>\r\n                        Yo\u011fun yarat\u0131c\u0131 i\u015f y\u00fckleri i\u00e7in tasarland\u0131                    <\/li>\r\n                                <li>\r\n                        <svg xmlns=\"http:\/\/www.w3.org\/2000\/svg\" width=\"16\" height=\"16\" viewBox=\"0 0 16 16\" fill=\"none\">\r\n                            <path d=\"M14.764 1.75631C11.9687 2.67386 8.40519 5.12775 5.1191 9.33138L3.17733 7.17622C2.87859 6.83481 2.3238 6.83481 2.02506 7.17622L0.595402 8.77659C0.318005 9.09666 0.339343 9.5661 0.638079 9.8435L5.03375 14.0685C5.3965 14.4099 5.99397 14.3245 6.25003 13.8764C8.59723 9.63012 11.1151 6.47206 15.3828 2.84456C15.8949 2.39646 15.4255 1.54293 14.764 1.75631Z\" fill=\"#181D27\"\/>\r\n                        <\/svg>\r\n                        Ultra h\u0131zl\u0131, y\u00fcksek \u00f6ncelikli i\u015fleme                    <\/li>\r\n                                <li>\r\n                        <svg xmlns=\"http:\/\/www.w3.org\/2000\/svg\" width=\"16\" height=\"16\" viewBox=\"0 0 16 16\" fill=\"none\">\r\n                            <path d=\"M14.764 1.75631C11.9687 2.67386 8.40519 5.12775 5.1191 9.33138L3.17733 7.17622C2.87859 6.83481 2.3238 6.83481 2.02506 7.17622L0.595402 8.77659C0.318005 9.09666 0.339343 9.5661 0.638079 9.8435L5.03375 14.0685C5.3965 14.4099 5.99397 14.3245 6.25003 13.8764C8.59723 9.63012 11.1151 6.47206 15.3828 2.84456C15.8949 2.39646 15.4255 1.54293 14.764 1.75631Z\" fill=\"#181D27\"\/>\r\n                        <\/svg>\r\n                        Krediler s\u00fcresiz ge\u00e7erli                    <\/li>\r\n                                <li>\r\n                        <svg xmlns=\"http:\/\/www.w3.org\/2000\/svg\" width=\"16\" height=\"16\" viewBox=\"0 0 16 16\" fill=\"none\">\r\n                            <path d=\"M14.764 1.75631C11.9687 2.67386 8.40519 5.12775 5.1191 9.33138L3.17733 7.17622C2.87859 6.83481 2.3238 6.83481 2.02506 7.17622L0.595402 8.77659C0.318005 9.09666 0.339343 9.5661 0.638079 9.8435L5.03375 14.0685C5.3965 14.4099 5.99397 14.3245 6.25003 13.8764C8.59723 9.63012 11.1151 6.47206 15.3828 2.84456C15.8949 2.39646 15.4255 1.54293 14.764 1.75631Z\" fill=\"#181D27\"\/>\r\n                        <\/svg>\r\n                        Geni\u015fletilmi\u015f destek kapsam\u0131                    <\/li>\r\n                    <\/ul>\r\n                <a class=\"pxl-pricing__button btn btn__transparent btn-glossy\" href=\"https:\/\/image-spot.com\/contact\/\">\r\n            Start Studio Pack        <\/a>\r\n    <\/div>\t\t\t\t<\/div>\n\t\t\t\t<\/div>\n\t\t\t\t<div class=\"elementor-element elementor-element-4aa54af elementor-widget elementor-widget-pxl_pricing\" data-id=\"4aa54af\" data-element_type=\"widget\" data-widget_type=\"pxl_pricing.default\">\n\t\t\t\t<div class=\"elementor-widget-container\">\n\t\t\t\t\t<div class=\"pxl-pricing pxl-pricing__style-1  \" data-wow-delay=\"ms\" >\r\n            <div class=\"pxl-pricing__plan\">\r\n            \u0130\u015f Paketi        <\/div>\r\n        <div class=\"pxl-pricing__price\">\r\n        <span class=\"pxl-pricing__price-detail\">\u20ac500<\/span>    <\/div>\r\n    <p class=\"pxl-pricing__desc\"><\/p>\r\n            <ul class=\"pxl-pricing__featured\">\r\n                                <li>\r\n                        <svg xmlns=\"http:\/\/www.w3.org\/2000\/svg\" width=\"16\" height=\"16\" viewBox=\"0 0 16 16\" fill=\"none\">\r\n                            <path d=\"M14.764 1.75631C11.9687 2.67386 8.40519 5.12775 5.1191 9.33138L3.17733 7.17622C2.87859 6.83481 2.3238 6.83481 2.02506 7.17622L0.595402 8.77659C0.318005 9.09666 0.339343 9.5661 0.638079 9.8435L5.03375 14.0685C5.3965 14.4099 5.99397 14.3245 6.25003 13.8764C8.59723 9.63012 11.1151 6.47206 15.3828 2.84456C15.8949 2.39646 15.4255 1.54293 14.764 1.75631Z\" fill=\"#181D27\"\/>\r\n                        <\/svg>\r\n                        500 \u00fcretim kredisi                    <\/li>\r\n                                <li>\r\n                        <svg xmlns=\"http:\/\/www.w3.org\/2000\/svg\" width=\"16\" height=\"16\" viewBox=\"0 0 16 16\" fill=\"none\">\r\n                            <path d=\"M14.764 1.75631C11.9687 2.67386 8.40519 5.12775 5.1191 9.33138L3.17733 7.17622C2.87859 6.83481 2.3238 6.83481 2.02506 7.17622L0.595402 8.77659C0.318005 9.09666 0.339343 9.5661 0.638079 9.8435L5.03375 14.0685C5.3965 14.4099 5.99397 14.3245 6.25003 13.8764C8.59723 9.63012 11.1151 6.47206 15.3828 2.84456C15.8949 2.39646 15.4255 1.54293 14.764 1.75631Z\" fill=\"#181D27\"\/>\r\n                        <\/svg>\r\n                        Ekipler ve b\u00fcy\u00fck \u00f6l\u00e7ekli projeler i\u00e7in                     <\/li>\r\n                                <li>\r\n                        <svg xmlns=\"http:\/\/www.w3.org\/2000\/svg\" width=\"16\" height=\"16\" viewBox=\"0 0 16 16\" fill=\"none\">\r\n                            <path d=\"M14.764 1.75631C11.9687 2.67386 8.40519 5.12775 5.1191 9.33138L3.17733 7.17622C2.87859 6.83481 2.3238 6.83481 2.02506 7.17622L0.595402 8.77659C0.318005 9.09666 0.339343 9.5661 0.638079 9.8435L5.03375 14.0685C5.3965 14.4099 5.99397 14.3245 6.25003 13.8764C8.59723 9.63012 11.1151 6.47206 15.3828 2.84456C15.8949 2.39646 15.4255 1.54293 14.764 1.75631Z\" fill=\"#181D27\"\/>\r\n                        <\/svg>\r\n                        Her zaman en \u00fcst d\u00fczey \u00f6ncelikli eri\u015fim                    <\/li>\r\n                                <li>\r\n                        <svg xmlns=\"http:\/\/www.w3.org\/2000\/svg\" width=\"16\" height=\"16\" viewBox=\"0 0 16 16\" fill=\"none\">\r\n                            <path d=\"M14.764 1.75631C11.9687 2.67386 8.40519 5.12775 5.1191 9.33138L3.17733 7.17622C2.87859 6.83481 2.3238 6.83481 2.02506 7.17622L0.595402 8.77659C0.318005 9.09666 0.339343 9.5661 0.638079 9.8435L5.03375 14.0685C5.3965 14.4099 5.99397 14.3245 6.25003 13.8764C8.59723 9.63012 11.1151 6.47206 15.3828 2.84456C15.8949 2.39646 15.4255 1.54293 14.764 1.75631Z\" fill=\"#181D27\"\/>\r\n                        <\/svg>\r\n                        Krediler s\u00fcresiz ge\u00e7erli                    <\/li>\r\n                                <li>\r\n                        <svg xmlns=\"http:\/\/www.w3.org\/2000\/svg\" width=\"16\" height=\"16\" viewBox=\"0 0 16 16\" fill=\"none\">\r\n                            <path d=\"M14.764 1.75631C11.9687 2.67386 8.40519 5.12775 5.1191 9.33138L3.17733 7.17622C2.87859 6.83481 2.3238 6.83481 2.02506 7.17622L0.595402 8.77659C0.318005 9.09666 0.339343 9.5661 0.638079 9.8435L5.03375 14.0685C5.3965 14.4099 5.99397 14.3245 6.25003 13.8764C8.59723 9.63012 11.1151 6.47206 15.3828 2.84456C15.8949 2.39646 15.4255 1.54293 14.764 1.75631Z\" fill=\"#181D27\"\/>\r\n                        <\/svg>\r\n                        Ki\u015fisel hesap y\u00f6neticisi ve premium destek                    <\/li>\r\n                    <\/ul>\r\n                <a class=\"pxl-pricing__button btn btn__transparent btn-glossy\" href=\"https:\/\/image-spot.com\/contact\/\">\r\n            Start Business Pack        <\/a>\r\n    <\/div>\t\t\t\t<\/div>\n\t\t\t\t<\/div>\n\t\t\t\t\t<\/div>\r\n\t\t\t\t<\/div>\r\n\t\t\t\t<\/div>\n\t\t","protected":false},"excerpt":{"rendered":"<p>Ba\u015flang\u0131\u00e7 Paketi \u20ac50 50 \u00fcretim kredisi Temel yarat\u0131c\u0131 ara\u00e7lar dahil H\u0131zland\u0131r\u0131lm\u0131\u015f i\u015fleme h\u0131z\u0131 Krediler s\u00fcresiz ge\u00e7erli Temel m\u00fc\u015fteri deste\u011fi Start Starter Pack Geli\u015fmi\u015f Paket \u20ac100 100 \u00fcretim kredisi Tam profesyonel ara\u00e7 seti Daha h\u0131zl\u0131 sonu\u00e7lar i\u00e7in \u00f6ncelikli kuyruk Krediler s\u00fcresiz ge\u00e7erli \u00d6ncelikli destek hizmeti Start Advanced Pack St\u00fcdyo Paketi \u20ac250 250 \u00fcretim kredisi Yo\u011fun yarat\u0131c\u0131 [&hellip;]<\/p>\n","protected":false},"author":1,"featured_media":0,"parent":0,"menu_order":0,"comment_status":"closed","ping_status":"closed","template":"","meta":{"footnotes":""},"class_list":["post-37467","page","type-page","status-publish","hentry"],"_links":{"self":[{"href":"https:\/\/image-spot.com\/tr\/wp-json\/wp\/v2\/pages\/37467","targetHints":{"allow":["GET"]}}],"collection":[{"href":"https:\/\/image-spot.com\/tr\/wp-json\/wp\/v2\/pages"}],"about":[{"href":"https:\/\/image-spot.com\/tr\/wp-json\/wp\/v2\/types\/page"}],"author":[{"embeddable":true,"href":"https:\/\/image-spot.com\/tr\/wp-json\/wp\/v2\/users\/1"}],"replies":[{"embeddable":true,"href":"https:\/\/image-spot.com\/tr\/wp-json\/wp\/v2\/comments?post=37467"}],"version-history":[{"count":9,"href":"https:\/\/image-spot.com\/tr\/wp-json\/wp\/v2\/pages\/37467\/revisions"}],"predecessor-version":[{"id":37477,"href":"https:\/\/image-spot.com\/tr\/wp-json\/wp\/v2\/pages\/37467\/revisions\/37477"}],"wp:attachment":[{"href":"https:\/\/image-spot.com\/tr\/wp-json\/wp\/v2\/media?parent=37467"}],"curies":[{"name":"wp","href":"https:\/\/api.w.org\/{rel}","templated":true}]}}