{"id":36897,"date":"2025-10-20T11:32:22","date_gmt":"2025-10-20T11:32:22","guid":{"rendered":"https:\/\/image-spot.com\/cerez-politikasi\/"},"modified":"2026-03-13T15:08:13","modified_gmt":"2026-03-13T15:08:13","slug":"cerez-politikasi","status":"publish","type":"page","link":"https:\/\/image-spot.com\/tr\/cerez-politikasi\/","title":{"rendered":"\u00c7erez Politikas\u0131"},"content":{"rendered":"\n<p><strong>ImageSpot \/ XOR SOLUTIONS LIMITED<\/strong><\/p>\n\n<p>Dijital i\u00e7erik web sitesi ve yapay zeka g\u00f6r\u00fcnt\u00fc olu\u015fturma hizmeti<\/p>\n\n<figure class=\"wp-block-table\"><table class=\"has-fixed-layout\"><tbody><tr><td><strong>Web sitesi operat\u00f6r\u00fc<\/strong><\/td><td>XOR SOLUTIONS LIMITED<br\/>\u015eirket No. 15744696<br\/>Kay\u0131tl\u0131 ofis: Daire 44 Ennerdale House, 121 Hamlets Way, Londra, \u0130ngiltere, E3 4TY<\/td><\/tr><tr><td><strong>Web sitesi<\/strong><\/td><td>image-spot.com<br\/>\u0130leti\u015fim: info@image-spot.com<\/td><\/tr><tr><td><strong>Politika kapsam\u0131<\/strong><\/td><td>Bu \u00c7erez Politikas\u0131, m\u00fc\u015fteri hesap alanlar\u0131, \u00f6deme ak\u0131\u015flar\u0131, g\u00f6r\u00fcnt\u00fc olu\u015fturma aray\u00fczleri, analiz sayfalar\u0131 ve ilgili destek veya g\u00fcvenlik i\u015flevleri dahil olmak \u00fczere Web Sitesinde \u00e7erezlerin ve benzer teknolojilerin nas\u0131l kullan\u0131labilece\u011fini a\u00e7\u0131klamaktad\u0131r.<\/td><\/tr><tr><td><strong>\u00d6nemli not<\/strong><\/td><td>Web Sitesinde fiilen aktif olan tam \u00e7erezler ve ara\u00e7lar zaman i\u00e7inde de\u011fi\u015febilir. Bu politika ImageSpot taraf\u0131ndan kullan\u0131lan i\u015flevsel kategorileri ve y\u00f6neti\u015fim yakla\u015f\u0131m\u0131n\u0131 a\u00e7\u0131klamaktad\u0131r. Bir onay banner&#8217;\u0131 ya da tercih arac\u0131 ger\u00e7ekte kullan\u0131lan teknolojilerle uyumlu olmal\u0131d\u0131r.  <\/td><\/tr><tr><td><strong>Son g\u00fcncelleme<\/strong><\/td><td>11 Mart 2026<\/td><\/tr><\/tbody><\/table><\/figure>\n\n<figure class=\"wp-block-table\"><table class=\"has-fixed-layout\"><tbody><tr><td><strong>\u00c7erez y\u00f6netimi anl\u0131k g\u00f6r\u00fcnt\u00fcs\u00fc<br\/><\/strong>Temel site, oturum a\u00e7ma, \u00f6deme, g\u00fcvenlik veya y\u00fck dengeleme i\u015flevleri i\u00e7in gerekli olduklar\u0131 durumlarda kesinlikle gerekli \u00e7erezler izin al\u0131nmadan kullan\u0131labilir. Analitik, performans, ki\u015fiselle\u015ftirme ve reklam \u00e7erezleri yaln\u0131zca ge\u00e7erli yasal dayana\u011f\u0131n mevcut oldu\u011fu durumlarda ayarlanmal\u0131d\u0131r ve genellikle gerekti\u011finde Birle\u015fik Krall\u0131k\/AEA kullan\u0131c\u0131lar\u0131 i\u00e7in onay al\u0131nmal\u0131d\u0131r. Jenerasyon kredileri\/jetonlar\u0131, hesap oturumlar\u0131, sepet durumu ve doland\u0131r\u0131c\u0131l\u0131kla m\u00fccadele i\u015f ak\u0131\u015flar\u0131, operasyonel olarak gerekli olan cihaz\/oturum tan\u0131mlay\u0131c\u0131lar\u0131na dayanabilir. Kullan\u0131c\u0131lar, gerekli olmayan \u00e7erez tercihlerini site banner&#8217;\u0131 veya ayarlar arac\u0131 \u00fczerinden y\u00f6netebilmeli ve ayr\u0131ca taray\u0131c\u0131 ayarlar\u0131 arac\u0131l\u0131\u011f\u0131yla belirli teknolojileri kontrol edebilmelidir. Bu politika, telefon numaralar\u0131n\u0131 listelemekten ka\u00e7\u0131n\u0131r ve \u00e7erezle ilgili sorgular i\u00e7in temel ileti\u015fim kanal\u0131 olarak info@image-spot.com adresini kullan\u0131r.    <\/td><\/tr><\/tbody><\/table><\/figure>\n\n<p><strong>1. Bu politikan\u0131n amac\u0131<\/strong><\/p>\n\n<p>Bu \u00c7erez Politikas\u0131, XOR SOLUTIONS LIMITED&#8217;in (ImageSpot web sitesi \u00fczerinden ticaret yapan) ziyaret\u00e7iler Web Sitesinde gezinirken, bir hesap olu\u015ftururken, yapay zeka taraf\u0131ndan olu\u015fturulan g\u00f6r\u00fcnt\u00fc i\u00e7eri\u011fi sat\u0131n al\u0131rken, olu\u015fturma kredileri\/jetonlar\u0131 sat\u0131n al\u0131rken veya kullan\u0131rken, g\u00f6r\u00fcnt\u00fc olu\u015fturma mod\u00fcl\u00fcn\u00fc kullan\u0131rken veya destek ve g\u00fcvenlik i\u015flevleriyle etkile\u015fime girerken \u00e7erezleri ve benzer teknolojileri nas\u0131l kulland\u0131\u011f\u0131n\u0131 a\u00e7\u0131klamaktad\u0131r.<\/p>\n\n<p>\u00c7erez, bir kullan\u0131c\u0131 cihaz\u0131nda depolanan veya bu cihazdan eri\u015filen k\u00fc\u00e7\u00fck bir metin dosyas\u0131 veya benzer bir tan\u0131mlay\u0131c\u0131d\u0131r. Kar\u015f\u0131la\u015ft\u0131r\u0131labilir teknolojiler aras\u0131nda pikseller, etiketler, komut dosyalar\u0131, SDK&#8217;lar, yerel depolama nesneleri ve bir web sitesinin bir taray\u0131c\u0131y\u0131 veya cihaz\u0131 zaman i\u00e7inde veya oturumlar aras\u0131nda tan\u0131mas\u0131na yard\u0131mc\u0131 olan di\u011fer tan\u0131mlay\u0131c\u0131lar yer alabilir. <\/p>\n\n<p><strong>2. Bu teknolojileri kim kontrol ediyor?<\/strong><\/p>\n\n<p>Do\u011frudan Web Sitesi arac\u0131l\u0131\u011f\u0131yla da\u011f\u0131t\u0131lan birinci taraf teknolojileri i\u00e7in kontrol\u00f6r XOR SOLUTIONS LIMITED, \u015eirket No. 15744696, kay\u0131tl\u0131 ofis Flat 44 Ennerdale House, 121 Hamlets Way, Londra, \u0130ngiltere, E3 4TY adresindedir. Bu \u00c7erez Politikas\u0131 hakk\u0131ndaki sorular info@image-spot.com adresine g\u00f6nderilebilir.<\/p>\n\n<p>Baz\u0131 teknolojiler ImageSpot ad\u0131na hareket eden \u00fc\u00e7\u00fcnc\u00fc taraf hizmet sa\u011flay\u0131c\u0131lar\u0131 veya baz\u0131 durumlarda ara\u00e7lar\u0131 Web Sitesine g\u00f6m\u00fcl\u00fc olan ba\u011f\u0131ms\u0131z \u00fc\u00e7\u00fcnc\u00fc taraflar taraf\u0131ndan ayarlanabilir. \u00dc\u00e7\u00fcnc\u00fc taraf teknolojilerin kullan\u0131ld\u0131\u011f\u0131 durumlarda, ImageSpot bunlar\u0131 ge\u00e7erli yasal dayanak ve daha geni\u015f gizlilik y\u00f6neti\u015fim \u00e7er\u00e7evesine uygun olarak yap\u0131land\u0131rmay\u0131 ama\u00e7lamaktad\u0131r. <\/p>\n\n<p><strong>\u00c7erez kategorileri ve tipik kullan\u0131mlar\u0131<\/strong><\/p>\n\n<figure class=\"wp-block-table\"><table class=\"has-fixed-layout\"><tbody><tr><td><strong>Kategori<\/strong><\/td><td><strong>Ama\u00e7<\/strong><\/td><td><strong>Tipik \u00f6rnekler<\/strong><\/td><td><strong>Onay pozisyonu<\/strong><\/td><td><strong>G\u00f6sterge niteli\u011findeki s\u00fcre<\/strong><\/td><\/tr><tr><td>Kesinlikle gerekli<\/td><td>Temel web sitesi ve i\u015flem i\u015flevlerini etkinle\u015ftirin.<\/td><td>oturum kimli\u011fi, oturum a\u00e7ma kimlik do\u011frulamas\u0131, al\u0131\u015fveri\u015f sepeti veya \u00f6deme durumu, g\u00fcvenlik belirteci, y\u00fck dengeleyici, onay depolama<\/td><td>Ger\u00e7ekten gerekli oldu\u011fu durumlarda genellikle onay gerekmez<\/td><td>\u0130\u015fleve ba\u011fl\u0131 olarak 12 aya kadar oturum<\/td><\/tr><tr><td>Tercihler<\/td><td>Kullan\u0131c\u0131 se\u00e7imlerini ve aray\u00fcz ayarlar\u0131n\u0131 hat\u0131rlay\u0131n.<\/td><td>dil se\u00e7imi, b\u00f6lge, ekran tercihi, kay\u0131tl\u0131 jenerat\u00f6r ayarlar\u0131<\/td><td>Kesinlikle gerekli olmad\u0131\u011f\u0131 durumlarda genellikle onay<\/td><td>Oturumdan 12 aya kadar<\/td><\/tr><tr><td>Analitik \/ performans<\/td><td>Trafi\u011fi \u00f6l\u00e7\u00fcn, sorunlar\u0131 te\u015fhis edin, kullan\u0131c\u0131 deneyimini ve performans\u0131 iyile\u015ftirin.<\/td><td>sayfa g\u00f6r\u00fcnt\u00fcleme sayac\u0131, olay analizi, d\u00f6n\u00fc\u015f\u00fcm izleme, hata telemetrisi, A\/B testi<\/td><td>Genellikle onay gereklidir<\/td><td>Araca ba\u011fl\u0131 olarak dakikalar ila 24 ay<\/td><\/tr><tr><td>\u0130\u015flevsel ki\u015fiselle\u015ftirme<\/td><td>\u0130\u00e7eri\u011fi uyarlay\u0131n veya gerekli olmayan davran\u0131\u015flar\u0131 hat\u0131rlay\u0131n.<\/td><td>son istemler, favoriler, \u00f6neri ipu\u00e7lar\u0131, \u00f6zellik benimseme i\u015faretleri<\/td><td>Talep edilen \u00f6zellik i\u00e7in kesinlikle gerekli olmad\u0131k\u00e7a genellikle onay gereklidir<\/td><td>Oturumdan 12 aya kadar<\/td><\/tr><tr><td>Reklam \/ yeniden pazarlama<\/td><td>Kampanya \u00f6l\u00e7\u00fcm\u00fcn\u00fc veya hedefli pazarlamay\u0131 destekleyin.<\/td><td>reklam ili\u015fkilendirme, yeniden hedefleme pikseli, pazarlama kitlesi tan\u0131mlay\u0131c\u0131s\u0131<\/td><td>\u0130zin gerekli<\/td><td>Sa\u011flay\u0131c\u0131ya ba\u011fl\u0131 olarak g\u00fcnler ila 24 ay<\/td><\/tr><\/tbody><\/table><\/figure>\n\n<p><strong>3. ImageSpot neden \u00e7erezleri ve benzer teknolojileri kullan\u0131r?<\/strong><\/p>\n\n<ul class=\"wp-block-list\">\n<li>hesap giri\u015fi, oturum s\u00fcreklili\u011fi, \u00f6deme ak\u0131\u015f\u0131 ve g\u00fcvenlik kontrolleri dahil olmak \u00fczere temel web sitesi i\u015flevlerini \u00e7al\u0131\u015ft\u0131rmak i\u00e7in;<\/li>\n\n\n\n<li>kullan\u0131c\u0131 taraf\u0131ndan se\u00e7ilen tercihleri veya ayarlar\u0131 hat\u0131rlamak i\u00e7in;<\/li>\n\n\n\n<li>Platform i\u00e7inde \u00fcretim kredilerinin\/jetonlar\u0131n\u0131n sat\u0131n al\u0131nmas\u0131n\u0131, kredilendirilmesini ve kullan\u0131lmas\u0131n\u0131 desteklemek i\u00e7in;<\/li>\n\n\n\n<li>web sitesi h\u0131z\u0131n\u0131, kararl\u0131l\u0131\u011f\u0131n\u0131, tan\u0131lamas\u0131n\u0131 ve kullan\u0131c\u0131 deneyimini iyile\u015ftirmek i\u00e7in;<\/li>\n\n\n\n<li>izin verilen yerlerde trafi\u011fi, kampanya etkinli\u011fini ve genel hizmet performans\u0131n\u0131 \u00f6l\u00e7mek i\u00e7in;<\/li>\n\n\n\n<li>sahtekarl\u0131k, k\u00f6t\u00fcye kullan\u0131m, hesab\u0131n ele ge\u00e7irilmesi, kaz\u0131ma, otomatik k\u00f6t\u00fcye kullan\u0131m veya H\u00fck\u00fcm ve Ko\u015fullarla tutars\u0131z di\u011fer faaliyetleri tespit etmek i\u00e7in;<\/li>\n\n\n\n<li>yerle\u015fik ara\u00e7lar\u0131n, \u00f6deme sayfalar\u0131n\u0131n, analiz panolar\u0131n\u0131n veya m\u00fc\u015fteri ileti\u015fim i\u015f ak\u0131\u015flar\u0131n\u0131n \u00e7al\u0131\u015fmas\u0131n\u0131 desteklemek i\u00e7in.<\/li>\n<\/ul>\n\n<p><strong>A\u00e7\u0131klay\u0131c\u0131 teknoloji haritas\u0131<\/strong><\/p>\n\n<p>A\u015fa\u011f\u0131daki tablo, ImageSpot gibi bir web sitesinde kullan\u0131labilecek ara\u00e7 veya teknoloji t\u00fcrlerini g\u00f6steren a\u00e7\u0131klay\u0131c\u0131 bir y\u00f6neti\u015fim program\u0131d\u0131r. Listelenen her \u00f6\u011fenin \u015fu anda aktif oldu\u011funa dair bir s\u00f6z de\u011fildir. Operasyonel da\u011f\u0131t\u0131m her zaman ger\u00e7ek \u00e7erez afi\u015fi ve etiket envanteri ile mutab\u0131k olmal\u0131d\u0131r.  <\/p>\n\n<figure class=\"wp-block-table\"><table class=\"has-fixed-layout\"><tbody><tr><td><strong>Teknoloji \/ tan\u0131mlay\u0131c\u0131 t\u00fcr\u00fc<\/strong><\/td><td><strong>Operasyonel ama\u00e7<\/strong><\/td><td><strong>Tipik veri noktalar\u0131<\/strong><\/td><td><strong>Notlar<\/strong><\/td><\/tr><tr><td>Oturum \u00e7erezi<\/td><td>G\u00fcvenli tarama durumunu ve kullan\u0131c\u0131 oturumunu koruyun<\/td><td>rastgele oturum tan\u0131mlay\u0131c\u0131s\u0131, zaman damgas\u0131, CSRF belirteci<\/td><td>Genellikle giri\u015f ve \u00f6deme i\u00e7in gereklidir<\/td><\/tr><tr><td>Yerel depolama belirteci<\/td><td>\u0130stemci taraf\u0131 ayarlar\u0131n\u0131 veya ge\u00e7ici \u00fcretim durumunu koruma<\/td><td>tercih bayraklar\u0131, kaydedilmi\u015f taslak istemi, h\u0131z s\u0131n\u0131r\u0131 i\u015faretleyicisi<\/td><td>Kesinlikle gerekli de\u011filse onay gerektirebilir<\/td><\/tr><tr><td>Analitik etiketi<\/td><td>Trafik, etkile\u015fim ve huni performans\u0131n\u0131 \u00f6l\u00e7\u00fcn<\/td><td>sayfa URL&#8217;leri, yakla\u015f\u0131k co\u011frafi konum, taray\u0131c\u0131 t\u00fcr\u00fc, y\u00f6nlendirme kayna\u011f\u0131<\/td><td>Kullan\u0131m, onay ba\u015fl\u0131\u011f\u0131 yap\u0131land\u0131rmas\u0131yla e\u015fle\u015fmelidir<\/td><\/tr><tr><td>G\u00fcvenlik \/ doland\u0131r\u0131c\u0131l\u0131k kar\u015f\u0131t\u0131 i\u015faretleyici<\/td><td>K\u00f6t\u00fcye kullan\u0131m\u0131, botlar\u0131, \u015f\u00fcpheli \u00f6deme veya hesap etkinli\u011fini tespit edin<\/td><td>IP kaynakl\u0131 sinyaller, cihaz parmak izi unsurlar\u0131, anomali skorlar\u0131<\/td><td>Doland\u0131r\u0131c\u0131l\u0131\u011f\u0131n \u00f6nlenmesi ve platform b\u00fct\u00fcnl\u00fc\u011f\u00fc i\u00e7in \u00f6nemli olabilir<\/td><\/tr><tr><td>\u00d6deme sa\u011flay\u0131c\u0131 belirteci<\/td><td>G\u00fcvenli \u00f6deme y\u00f6nlendirmesini ve i\u015flem b\u00fct\u00fcnl\u00fc\u011f\u00fcn\u00fc destekleyin<\/td><td>i\u015flem referans\u0131, \u00f6deme durumu, sahtecili\u011fe kar\u015f\u0131 nonce<\/td><td>\u00d6deme hizmeti sa\u011flay\u0131c\u0131s\u0131 veya yerle\u015fik \u00f6deme taraf\u0131ndan belirlenebilir<\/td><\/tr><tr><td>G\u00f6m\u00fcl\u00fc \u00fc\u00e7\u00fcnc\u00fc taraf i\u00e7erik \u00e7erezi<\/td><td>Kullan\u0131l\u0131yorsa medya, haritalar, sosyal veya harici widget&#8217;lar\u0131 destekleyin<\/td><td>hizmete \u00f6zel cihaz\/oturum tan\u0131mlay\u0131c\u0131lar\u0131<\/td><td>Yasal olarak gerekli oldu\u011fu durumlarda onay al\u0131nana kadar devre d\u0131\u015f\u0131 b\u0131rak\u0131lmal\u0131d\u0131r<\/td><\/tr><\/tbody><\/table><\/figure>\n\n<p><strong>4. Yasal dayanak ve r\u0131za yakla\u015f\u0131m\u0131<\/strong><\/p>\n\n<p>ImageSpot, Web Sitesinin \u00e7al\u0131\u015fmas\u0131 i\u00e7in kesinlikle gerekli olan ve olmayan teknolojiler aras\u0131nda ayr\u0131m yapmay\u0131 ama\u00e7lamaktad\u0131r. Kesinlikle gerekli teknolojiler, kullan\u0131c\u0131 taraf\u0131ndan talep edilen hizmeti sa\u011flamak veya Web Sitesinin g\u00fcvenli\u011fini ve b\u00fct\u00fcnl\u00fc\u011f\u00fcn\u00fc korumak i\u00e7in gerekli olduklar\u0131 durumlarda kullan\u0131labilir. Analiz, reklam veya gerekli olmayan ki\u015fiselle\u015ftirme ara\u00e7lar\u0131 gibi gerekli olmayan teknolojiler yaln\u0131zca ge\u00e7erli yasal dayana\u011f\u0131n mevcut oldu\u011fu durumlarda kullan\u0131lmal\u0131d\u0131r; bu dayanak Birle\u015fik Krall\u0131k ve AEA kullan\u0131c\u0131lar\u0131 i\u00e7in genellikle r\u0131za olacakt\u0131r.  <\/p>\n\n<p>\u0130znin gerekli oldu\u011fu durumlarda, kullan\u0131c\u0131lara kabul etmelerine, reddetmelerine veya gerekli olmayan kategorileri y\u00f6netmelerine olanak tan\u0131yan a\u00e7\u0131k bir \u00e7erez ba\u015fl\u0131\u011f\u0131 veya tercih mekanizmas\u0131 verilmelidir. \u0130znin geri \u00e7ekilmesi, Web Sitesinin ve kullan\u0131lan \u00fc\u00e7\u00fcnc\u00fc taraf ara\u00e7lar\u0131n\u0131n teknik \u00f6zelliklerine ba\u011fl\u0131 olarak, izin vermek kadar kolay olmal\u0131d\u0131r. <\/p>\n\n<p><strong>5. Taray\u0131c\u0131 ayarlar\u0131 ve kullan\u0131c\u0131 kontrolleri<\/strong><\/p>\n\n<p>\u00c7o\u011fu web taray\u0131c\u0131s\u0131 kullan\u0131c\u0131lar\u0131n \u00e7erezleri incelemesine, engellemesine veya silmesine izin verir. Kullan\u0131c\u0131lar genellikle taray\u0131c\u0131 ayarlar\u0131, uzant\u0131 ara\u00e7lar\u0131 veya cihaz d\u00fczeyinde gizlilik kontrolleri arac\u0131l\u0131\u011f\u0131yla \u00e7erez davran\u0131\u015f\u0131n\u0131 kontrol edebilir. Ancak, kesinlikle gerekli teknolojilerin engellenmesi, g\u00fcvenli giri\u015f, \u00f6deme, \u00fcretim i\u015f ak\u0131\u015flar\u0131, kay\u0131tl\u0131 sepetler veya token\/kredi y\u00f6netimi dahil olmak \u00fczere belirli web sitesi i\u015flevlerinin kullan\u0131lamamas\u0131na veya karars\u0131z hale gelmesine neden olabilir.  <\/p>\n\n<p>Web Sitesinin bir \u00e7erez ba\u015fl\u0131\u011f\u0131, onay y\u00f6neticisi veya ayarlar paneli sa\u011flad\u0131\u011f\u0131 durumlarda, kullan\u0131c\u0131lar kategori d\u00fczeyinde se\u00e7imler i\u00e7in \u00f6ncelikle bu arac\u0131 kullanmal\u0131d\u0131r. Taray\u0131c\u0131 kontrolleri, ayarlar g\u00fcncellenmeden \u00f6nce y\u00fcklenmi\u015f olan belirli yerel depolama \u00f6\u011felerini, sunucu taraf\u0131 izleme \u00f6zelliklerini veya \u00fc\u00e7\u00fcnc\u00fc taraf teknolojilerini her zaman tamamen devre d\u0131\u015f\u0131 b\u0131rakmayabilir. <\/p>\n\n<p><strong>6. \u00dc\u00e7\u00fcnc\u00fc taraf hizmetleri ve g\u00f6m\u00fcl\u00fc i\u00e7erik<\/strong><\/p>\n\n<p>ImageSpot bar\u0131nd\u0131rma, \u00f6demeler, analizler, g\u00fcvenlik, destek, ileti\u015fim, i\u00e7erik da\u011f\u0131t\u0131m\u0131 veya g\u00f6m\u00fcl\u00fc hizmetler i\u00e7in \u00fc\u00e7\u00fcnc\u00fc taraf i\u015flemciler veya hizmet sa\u011flay\u0131c\u0131lar kullanabilir. Bu sa\u011flay\u0131c\u0131lar \u00e7erezleri ve benzer tan\u0131mlay\u0131c\u0131lar\u0131 ImageSpot talimatlar\u0131 \u00fczerine i\u015flemci olarak ya da baz\u0131 durumlarda kendi gizlilik bildirimleri alt\u0131nda ba\u011f\u0131ms\u0131z denetleyiciler olarak yerle\u015ftirebilir ya da okuyabilir. <\/p>\n\n<p>Web sitesi \u00f6deme widget&#8217;lar\u0131, medya, haritalar, sosyal \u00f6zellikler, sohbet ara\u00e7lar\u0131 veya analiz komut dosyalar\u0131 gibi \u00fc\u00e7\u00fcnc\u00fc taraf i\u00e7eri\u011fi yerle\u015ftirirse, bu sa\u011flay\u0131c\u0131lar do\u011frudan kullan\u0131c\u0131 cihaz\u0131ndan teknik veri toplayabilir. ImageSpot bu t\u00fcr hizmetleri y\u00fcr\u00fcrl\u00fckteki yasalar ve Web Sitesi izin ayarlar\u0131yla tutarl\u0131 bir \u015fekilde uygulamay\u0131 ama\u00e7lamaktad\u0131r. <\/p>\n\n<p><strong>7. Kredi\/token ak\u0131\u015flar\u0131 ve AI-\u00fcretim mod\u00fcl\u00fc<\/strong><\/p>\n\n<p>Web Sitesi, \u00fcretim kredileri\/tokenlar\u0131 sat\u0131n almak ve t\u00fcketmek i\u00e7in abonelik d\u0131\u015f\u0131 bir model i\u00e7erdi\u011finden, belirli tan\u0131mlay\u0131c\u0131lar kullan\u0131c\u0131 oturum durumunu korumak, \u00fcretim i\u015flevine eri\u015fimi do\u011frulamak, yinelenen veya k\u00f6t\u00fcye kullan\u0131lan talepleri \u00f6nlemek, sipari\u015f b\u00fct\u00fcnl\u00fc\u011f\u00fcn\u00fc desteklemek ve token t\u00fcketimini veya teslim edilmeme olaylar\u0131n\u0131 kan\u0131tlamak i\u00e7in kullan\u0131labilir. Bu tan\u0131mlay\u0131c\u0131lar, talep edilen dijital hizmetin \u00e7al\u0131\u015fmas\u0131 i\u00e7in gerekli olduklar\u0131 durumlarda kesinlikle gerekli olabilir. <\/p>\n\n<p>G\u00f6r\u00fcnt\u00fc olu\u015fturma mod\u00fcl\u00fc ayn\u0131 zamanda istem durumunu, \u00e7\u0131kt\u0131 al\u0131m\u0131n\u0131, kuyruk konumunu, i\u00e7erik teslimat\u0131 i\u015f ak\u0131\u015f\u0131n\u0131, doland\u0131r\u0131c\u0131l\u0131k kar\u015f\u0131t\u0131 kontrolleri veya hata kurtarma i\u015flevlerini korumak i\u00e7in k\u0131sa s\u00fcreli yerel depolamaya veya oturum d\u00fczeyinde tan\u0131mlay\u0131c\u0131lara g\u00fcvenebilir. B\u00f6yle bir uygulama orant\u0131l\u0131 ve ImageSpot&#8217;un gizlilik ve g\u00fcvenlik hedefleriyle tutarl\u0131 olmal\u0131d\u0131r. <\/p>\n\n<p><strong>8. Saklama s\u00fcreleri<\/strong><\/p>\n\n<p>\u00c7erezler ve benzer teknolojiler oturum tabanl\u0131 olabilir, yani bir taray\u0131c\u0131 kapat\u0131ld\u0131\u011f\u0131nda sona erer veya kal\u0131c\u0131 olabilir, yani bir oturum sona erdikten sonra tan\u0131mlanm\u0131\u015f bir s\u00fcre boyunca kal\u0131rlar. Saklama, teknolojinin amac\u0131na, ara\u00e7 sa\u011flay\u0131c\u0131s\u0131na ve operasyonel ihtiyaca ba\u011fl\u0131d\u0131r. ImageSpot, gerekli olmayan tan\u0131mlay\u0131c\u0131lar\u0131 ilgili ama\u00e7 i\u00e7in makul olarak gerekli olandan daha uzun s\u00fcre tutmaktan ka\u00e7\u0131nmay\u0131 ama\u00e7lamaktad\u0131r.  <\/p>\n\n<p>Kullan\u0131c\u0131lar genellikle taray\u0131c\u0131 veya cihaz ayarlar\u0131 arac\u0131l\u0131\u011f\u0131yla depolanan \u00e7erezleri daha \u00f6nce kald\u0131rabilir. \u00c7erezleri temizlemek tercihleri s\u0131f\u0131rlayabilir, kullan\u0131c\u0131lar\u0131n hesaplar\u0131ndan \u00e7\u0131k\u0131\u015f yapabilir veya web sitesi i\u015flevselli\u011fini etkileyebilir. <\/p>\n\n<p><strong>9. Uluslararas\u0131 transferler<\/strong><\/p>\n\n<p>Baz\u0131 \u00fc\u00e7\u00fcnc\u00fc taraf teknoloji sa\u011flay\u0131c\u0131lar\u0131 ilgili ki\u015fisel verileri Birle\u015fik Krall\u0131k d\u0131\u015f\u0131nda i\u015fleyebilir. \u00c7erezler veya benzer teknolojiler arac\u0131l\u0131\u011f\u0131yla toplanan ki\u015fisel verilerin uluslararas\u0131 olarak aktar\u0131ld\u0131\u011f\u0131 durumlarda, ImageSpot, Web Sitesi Gizlilik Politikas\u0131&#8217;nda daha ayr\u0131nt\u0131l\u0131 olarak a\u00e7\u0131kland\u0131\u011f\u0131 \u00fczere, yasal olarak gerekli oldu\u011fu durumlarda uygun \u00f6nlemlere g\u00fcvenmeyi ama\u00e7lamaktad\u0131r. <\/p>\n\n<p><strong>10. Bu politikada yap\u0131lan de\u011fi\u015fiklikler<\/strong><\/p>\n\n<p>ImageSpot, web sitesi i\u015flevselli\u011fi, yasal gereklilikler, hizmet sa\u011flay\u0131c\u0131lar, izleme teknolojileri veya operasyonel uygulamalardaki de\u011fi\u015fiklikleri yans\u0131tmak i\u00e7in bu \u00c7erez Politikas\u0131n\u0131 zaman zaman g\u00fcncelleyebilir. En son versiyon, en son g\u00fcncelleme tarihi ile birlikte Web Sitesinde mevcut olmal\u0131d\u0131r. \u0130zin yakla\u015f\u0131m\u0131ndaki \u00f6nemli de\u011fi\u015fiklikler, uygun oldu\u011fu durumlarda, \u00e7erez ba\u015fl\u0131\u011f\u0131na veya tercih arac\u0131na yans\u0131t\u0131lmal\u0131d\u0131r.  <\/p>\n\n<p><strong>11. \u0130leti\u015fim<\/strong><\/p>\n\n<p>Bu \u00c7erez Politikas\u0131 ile ilgili sorular, talepler veya \u015fikayetler info@image-spot.com adresine g\u00f6nderilebilir.<\/p>\n\n<p>Kay\u0131tl\u0131 ofis: Daire 44 Ennerdale House, 121 Hamlets Way, Londra, \u0130ngiltere, E3 4TY.<\/p>\n","protected":false},"excerpt":{"rendered":"<p>ImageSpot \/ XOR SOLUTIONS LIMITED Dijital i\u00e7erik web sitesi ve yapay zeka g\u00f6r\u00fcnt\u00fc olu\u015fturma hizmeti Web sitesi operat\u00f6r\u00fc XOR SOLUTIONS LIMITED\u015eirket No. 15744696Kay\u0131tl\u0131 ofis: Daire 44 Ennerdale House, 121 Hamlets Way, Londra, \u0130ngiltere, E3 4TY Web sitesi image-spot.com\u0130leti\u015fim: info@image-spot.com Politika kapsam\u0131 Bu \u00c7erez Politikas\u0131, m\u00fc\u015fteri hesap alanlar\u0131, \u00f6deme ak\u0131\u015flar\u0131, g\u00f6r\u00fcnt\u00fc olu\u015fturma aray\u00fczleri, analiz sayfalar\u0131 ve [&hellip;]<\/p>\n","protected":false},"author":1,"featured_media":0,"parent":0,"menu_order":0,"comment_status":"closed","ping_status":"closed","template":"","meta":{"footnotes":""},"class_list":["post-36897","page","type-page","status-publish","hentry"],"_links":{"self":[{"href":"https:\/\/image-spot.com\/tr\/wp-json\/wp\/v2\/pages\/36897","targetHints":{"allow":["GET"]}}],"collection":[{"href":"https:\/\/image-spot.com\/tr\/wp-json\/wp\/v2\/pages"}],"about":[{"href":"https:\/\/image-spot.com\/tr\/wp-json\/wp\/v2\/types\/page"}],"author":[{"embeddable":true,"href":"https:\/\/image-spot.com\/tr\/wp-json\/wp\/v2\/users\/1"}],"replies":[{"embeddable":true,"href":"https:\/\/image-spot.com\/tr\/wp-json\/wp\/v2\/comments?post=36897"}],"version-history":[{"count":2,"href":"https:\/\/image-spot.com\/tr\/wp-json\/wp\/v2\/pages\/36897\/revisions"}],"predecessor-version":[{"id":37001,"href":"https:\/\/image-spot.com\/tr\/wp-json\/wp\/v2\/pages\/36897\/revisions\/37001"}],"wp:attachment":[{"href":"https:\/\/image-spot.com\/tr\/wp-json\/wp\/v2\/media?parent=36897"}],"curies":[{"name":"wp","href":"https:\/\/api.w.org\/{rel}","templated":true}]}}