{"id":30463,"date":"2025-10-20T11:32:05","date_gmt":"2025-10-20T11:32:05","guid":{"rendered":"http:\/\/image-spot.com\/iade-ve-iade-politikasi\/"},"modified":"2026-03-13T15:08:18","modified_gmt":"2026-03-13T15:08:18","slug":"iade-ve-iade-politikasi","status":"publish","type":"page","link":"https:\/\/image-spot.com\/tr\/iade-ve-iade-politikasi\/","title":{"rendered":"\u0130ade ve \u0130ade Politikas\u0131"},"content":{"rendered":"\n<p><strong>ImageSpot<br\/>(image-spot.com)<\/strong><\/p>\n\n<figure class=\"wp-block-table\"><table class=\"has-fixed-layout\"><tbody><tr><td><strong>T\u00fczel ki\u015filik<\/strong><\/td><td>XOR SOLUTIONS LIMITED<br\/>\u015eirket No. 15744696<br\/>Kay\u0131tl\u0131 ofis: Daire 44 Ennerdale House, 121 Hamlets Way, Londra, \u0130ngiltere, E3 4TY<\/td><\/tr><tr><td><strong>Web sitesi<\/strong><\/td><td>image-spot.com<br\/>Destek e-postas\u0131: info@image-spot.com<\/td><\/tr><tr><td><strong>Kapsam dahilindeki \u00fcr\u00fcnler<\/strong><\/td><td>AI taraf\u0131ndan olu\u015fturulan dijital g\u00f6r\u00fcnt\u00fc indirmeleri<br\/>AI g\u00f6r\u00fcnt\u00fc mod\u00fcl\u00fc i\u00e7in \u00f6n \u00f6demeli \u00fcretim kredileri \/ jetonlar\u0131<br\/>Abonelik modeli yok<\/td><\/tr><\/tbody><\/table><\/figure>\n\n<p>Y\u00fcr\u00fcrl\u00fck tarihi: 11 Mart 2026<br\/>S\u00fcr\u00fcm: Web Sitesi Yasal Paketi &#8211; Dok\u00fcman 2<\/p>\n\n<p><em>Bu politika, dijital g\u00f6r\u00fcnt\u00fc indirmeleri ve \u00f6n \u00f6demeli \u00fcretim kredileri\/jetonlar\u0131 i\u00e7in ne zaman geri \u00f6deme, iptal, yeniden kredi ve faturaland\u0131rma d\u00fczeltmeleri yap\u0131labilece\u011fini veya yap\u0131lamayaca\u011f\u0131n\u0131 a\u00e7\u0131klamaktad\u0131r.<\/em><\/p>\n\n<figure class=\"wp-block-table\"><table class=\"has-fixed-layout\"><tbody><tr><td><strong>Bir bak\u0131\u015fta temel kurallar<br\/><\/strong>\u0130ndirilen dijital i\u00e7erik, m\u00fc\u015fteri derhal tedarik edilmesini talep ettikten ve ge\u00e7erli oldu\u011fu durumlarda iptal haklar\u0131n\u0131 kaybetti\u011fini kabul ettikten sonra tedarik edildikten, indirildikten veya eri\u015fildikten sonra genellikle iade edilmez. Kullan\u0131lmayan krediler\/tokenlar, yaln\u0131zca bu politikada belirtilen s\u0131n\u0131rl\u0131 durumlarda, m\u00fckerrer \u00f6deme, a\u00e7\u0131k teknik teslimat yap\u0131lmamas\u0131 veya zorunlu yasalar\u0131n iade gerektirdi\u011fi durumlarda iade i\u00e7in de\u011ferlendirilebilir. T\u00fcketilen krediler\/jetonlar ve tamamlanan \u00fcretim talepleri, \u00f6demenin yanl\u0131\u015fl\u0131kla i\u015fleme al\u0131nd\u0131\u011f\u0131 veya taraf\u0131m\u0131za atfedilebilecek do\u011frulanm\u0131\u015f bir teknik hata nedeniyle hizmetin hi\u00e7 sa\u011flanamad\u0131\u011f\u0131 durumlar haricinde, genellikle iade edilmez. Halihaz\u0131rda i\u015flenmi\u015f olan \u00f6zel veya \u0131smarlama \u00e7\u0131kt\u0131 talepleri genellikle iptal edilemez ve \u00fcretim ba\u015flad\u0131ktan sonra iade edilemez.   <\/td><\/tr><\/tbody><\/table><\/figure>\n\n<p><strong>1. Ama\u00e7 ve kapsam<\/strong><\/p>\n\n<p>Bu \u0130ade Politikas\u0131, image-spot.com \u00fczerinden yap\u0131lan sat\u0131n al\u0131mlar i\u00e7in ge\u00e7erlidir ve XOR SOLUTIONS LIMITED taraf\u0131ndan sa\u011flanan yapay zeka ile olu\u015fturulmu\u015f dijital g\u00f6r\u00fcnt\u00fc i\u00e7eri\u011fini, \u00f6n \u00f6demeli \u00fcretim kredilerini\/jetonlar\u0131n\u0131 ve ilgili dijital \u00e7\u0131kt\u0131lar\u0131 kapsar.<\/p>\n\n<p>Bu politika, H\u00fck\u00fcm ve Ko\u015fullar\u0131m\u0131z, Gizlilik Politikam\u0131z, \u00c7erez Politikam\u0131z ve \u00f6deme s\u0131ras\u0131nda veya ilgili \u00fcr\u00fcn sayfas\u0131nda g\u00f6r\u00fcnt\u00fclenen \u00fcr\u00fcne \u00f6zg\u00fc bildirimlerle birlikte okunmal\u0131d\u0131r.<\/p>\n\n<p><strong>2. \u00dcr\u00fcnlerin dijital yap\u0131s\u0131<\/strong><\/p>\n\n<p>\u00dcr\u00fcnlerimiz do\u011fas\u0131 gere\u011fi dijitaldir. Fiziksel mallar\u0131n sevkiyat\u0131n\u0131 i\u00e7ermezler. Teslimat normalde dijital indirme, hesap eri\u015fimi, hesap bakiyesi g\u00fcncellemesi, \u00fcretim eri\u015fimi veya ba\u015fka bir elektronik yerine getirme y\u00f6ntemi ile ger\u00e7ekle\u015fir.  <\/p>\n\n<p>\u00dcr\u00fcnler dijital i\u00e7erik ve dijital hizmetler oldu\u011fundan, iptal ve iade haklar\u0131 fiziksel t\u00fcketim mallar\u0131 i\u00e7in ge\u00e7erli olanlardan \u00f6nemli \u00f6l\u00e7\u00fcde farkl\u0131 olabilir. \u00d6zellikle, dijital tedarik ba\u015flad\u0131ktan, indirme eri\u015fimi sa\u011fland\u0131ktan veya krediler\/jetonlar kullan\u0131ma sunulduktan sonra, iade haklar\u0131 y\u00fcr\u00fcrl\u00fckteki yasalar\u0131n izin verdi\u011fi \u00f6l\u00e7\u00fcde k\u0131s\u0131tlanabilir veya ortadan kald\u0131r\u0131labilir. <\/p>\n\n<p><strong>H\u0131zl\u0131 uygunluk genel bak\u0131\u015f\u0131<\/strong><\/p>\n\n<figure class=\"wp-block-table\"><table class=\"has-fixed-layout\"><tbody><tr><td><strong>\u00dcr\u00fcn \/ senaryo<\/strong><\/td><td><strong>Genel pozisyon<\/strong><\/td><td><strong>Tipik sonu\u00e7<\/strong><\/td><\/tr><tr><td>Sat\u0131n al\u0131nm\u0131\u015f ve halihaz\u0131rda indirilmi\u015f veya ba\u015fka bir \u015fekilde kullan\u0131ma sunulmu\u015f dijital g\u00f6r\u00fcnt\u00fc<\/td><td>Genellikle iade edilmez<\/td><td>Zorunlu yasalar ge\u00e7erli olmad\u0131k\u00e7a veya teslimat yap\u0131lmad\u0131\u011f\u0131 \/ m\u00fckerrer \u00f6deme yap\u0131ld\u0131\u011f\u0131 do\u011frulanmad\u0131k\u00e7a para iadesi yap\u0131lmaz<\/td><\/tr><tr><td>Kredi paketi sat\u0131n al\u0131nd\u0131 ancak hesaba kredi g\u00f6nderilmedi<\/td><td>Potansiyel olarak iade edilebilir<\/td><td>Do\u011frulamadan sonra para iadesi veya manuel kredilendirme<\/td><\/tr><tr><td>Kredi paketi teslim edildi ve k\u0131smen veya tamamen t\u00fcketildi<\/td><td>Genellikle iade edilmez<\/td><td>T\u00fcketilen krediler i\u00e7in geri \u00f6deme yok; yaln\u0131zca m\u00fckerrer \u00f6deme veya teknik ar\u0131zam\u0131z i\u00e7in s\u0131n\u0131rl\u0131 inceleme<\/td><\/tr><tr><td>Herhangi bir \u00e7\u0131kt\u0131 veya eri\u015fim sa\u011flanmadan \u00f6nce \u00fcretim iste\u011fi ba\u015far\u0131s\u0131z oldu<\/td><td>Vaka baz\u0131nda<\/td><td>Uygun oldu\u011funda yeniden kredi, yenileme veya para iadesi<\/td><\/tr><tr><td>M\u00fckerrer \u00f6deme veya manifesto faturalama hatas\u0131<\/td><td>\u0130ade Edilebilir<\/td><td>Do\u011fruland\u0131\u011f\u0131nda orijinal \u00f6deme y\u00f6ntemine iade<\/td><\/tr><tr><td>Hesap teslim edilen dijital \u00fcr\u00fcnlerden veya kredilerden yararlan\u0131rken ters ibraz<\/td><td>K\u0131s\u0131tl\u0131<\/td><td>Para iadesi reddedilebilir ve hesap incelenmek \u00fczere ask\u0131ya al\u0131nabilir<\/td><\/tr><\/tbody><\/table><\/figure>\n\n<p><strong>3. Genel geri \u00f6deme ilkeleri<\/strong><\/p>\n\n<ul class=\"wp-block-list\">\n<li>Para iadeleri otomatik de\u011fildir ve ilgili sipari\u015fin ger\u00e7eklerine, hesap hareketlili\u011fine, teslimat durumuna ve y\u00fcr\u00fcrl\u00fckteki zorunlu yasalara g\u00f6re de\u011ferlendirilir.<\/li>\n\n\n\n<li>Uygun oldu\u011fu durumlarda a\u015fa\u011f\u0131daki \u00e7\u00f6z\u00fcmlerden birini sunabiliriz: orijinal \u00f6deme y\u00f6ntemine para iadesi, kullan\u0131lmayan kredilerin\/jetonlar\u0131n yeniden kredilendirilmesi, dijital \u00fcr\u00fcn\u00fcn yeniden tedarik edilmesi, manuel teknik d\u00fczeltme veya di\u011fer makul d\u00fczeltmeler.<\/li>\n\n\n\n<li>Para iadesi onayland\u0131\u011f\u0131nda, bunu yapmak imkans\u0131z veya yasa d\u0131\u015f\u0131 olmad\u0131\u011f\u0131 s\u00fcrece genellikle sat\u0131n alma i\u00e7in kullan\u0131lan orijinal \u00f6deme y\u00f6ntemine iade edilecektir.<\/li>\n\n\n\n<li>Sipari\u015fin tamamen tedarik edildi\u011fi, m\u00fc\u015fterinin dijital \u00fcr\u00fcnden veya kredilerden zaten yararland\u0131\u011f\u0131, talebin k\u00f6t\u00fcye kullan\u0131ld\u0131\u011f\u0131 veya doland\u0131r\u0131c\u0131l\u0131k, ters ibraz\u0131n k\u00f6t\u00fcye kullan\u0131m\u0131 veya politikan\u0131n atlat\u0131ld\u0131\u011f\u0131na dair kan\u0131t oldu\u011fu durumlarda iade talebini reddedebiliriz.<\/li>\n<\/ul>\n\n<p><strong>4. \u0130ndirilebilir dijital g\u00f6r\u00fcnt\u00fc al\u0131mlar\u0131<\/strong><\/p>\n\n<p>Dijital bir resim, sanat eseri dosyas\u0131 veya benzer indirilebilir dijital i\u00e7erik sat\u0131n ald\u0131\u011f\u0131n\u0131zda, dosya teslim edildikten, indirme eri\u015fimi sa\u011fland\u0131ktan veya i\u00e7eri\u011fin derhal tedarik edilmesini talep ettikten sonra hesab\u0131n\u0131za veya cihaz\u0131n\u0131za ba\u015fka bir \u015fekilde sunulmas\u0131ndan sonra sat\u0131n alma i\u015flemi genellikle iade edilmez.<\/p>\n\n<p>Para iadesi yaln\u0131zca a\u015fa\u011f\u0131daki gibi s\u0131n\u0131rl\u0131 durumlarda d\u00fc\u015f\u00fcn\u00fclebilir:<\/p>\n\n<ul class=\"wp-block-list\">\n<li>Ayn\u0131 \u00fcr\u00fcn i\u00e7in m\u00fckerrer \u00f6deme;<\/li>\n\n\n\n<li>teknik teslimat yap\u0131lmad\u0131\u011f\u0131n\u0131n do\u011frulanmas\u0131, yani bizden kaynaklanan bir hata nedeniyle sat\u0131n ald\u0131\u011f\u0131n\u0131z dosyaya hi\u00e7 eri\u015femedi\u011finiz anlam\u0131na gelir;<\/li>\n\n\n\n<li>a\u00e7\u0131k faturalama hatas\u0131 veya bariz fiyatland\u0131rma\/i\u015fleme hatas\u0131;<\/li>\n\n\n\n<li>y\u00fcr\u00fcrl\u00fckteki t\u00fcketici yasalar\u0131 kapsam\u0131nda yasal olarak hari\u00e7 tutulamayan zorunlu bir iade hakk\u0131.<\/li>\n<\/ul>\n\n<p>Fikrinizi de\u011fi\u015ftirdi\u011finiz, i\u00e7eri\u011fe art\u0131k ihtiyac\u0131n\u0131z olmad\u0131\u011f\u0131, farkl\u0131 bir sanatsal stil bekledi\u011finiz, \u00fcr\u00fcn a\u00e7\u0131klamas\u0131n\u0131 g\u00f6zden ge\u00e7irmedi\u011finiz veya teslimattan sonra dosyay\u0131 kullanmamaya karar verdi\u011finiz i\u00e7in normalde para iadesi yap\u0131lmayacakt\u0131r.<\/p>\n\n<p><strong>5. Kredi \/ jeton paketi sat\u0131n al\u0131mlar\u0131<\/strong><\/p>\n\n<p>Kredi\/token paketleri, sadece ImageSpot platformu i\u00e7inde g\u00f6r\u00fcnt\u00fc olu\u015fturma i\u015flevselli\u011fi ve a\u00e7\u0131k\u00e7a tan\u0131mlanm\u0131\u015f di\u011fer dahili kullan\u0131mlar i\u00e7in kullan\u0131labilen \u00f6n \u00f6demeli dijital kullan\u0131m birimleridir. Kullan\u0131labilir nakit bakiyeleri de\u011fildirler ve devredilebilir varl\u0131klar de\u011fildirler. <\/p>\n\n<p>\u0130ade i\u015flemi teslimat ve kullan\u0131m durumuna ba\u011fl\u0131d\u0131r:<\/p>\n\n<ul class=\"wp-block-list\">\n<li>Sat\u0131n al\u0131nan bir kredi paketi, do\u011frulanm\u0131\u015f bir teknik veya i\u015flem hatas\u0131 nedeniyle ilgili hesaba hi\u00e7 teslim edilmemi\u015fse, para iadesi veya manuel kredilendirme i\u00e7in uygun olabilirsiniz.<\/li>\n\n\n\n<li>Krediler\/jetonlar teslim edilmi\u015f ve tamamen kullan\u0131lmam\u0131\u015fsa, kendi takdirimize ba\u011fl\u0131 olarak ve zorunlu yasalara tabi olarak, \u00f6zellikle talebin m\u00fckerrer \u00f6deme veya bariz sat\u0131n alma hatas\u0131yla ilgili oldu\u011fu ve kredilerden herhangi bir fayda sa\u011flanmad\u0131\u011f\u0131 durumlarda, sat\u0131n alma i\u015fleminden hemen sonra g\u00f6nderilen bir iade talebini de\u011ferlendirebiliriz.<\/li>\n\n\n\n<li>Krediler\/jetonlar k\u0131smen veya tamamen t\u00fcketilmi\u015fse, t\u00fcketilen k\u0131s\u0131m genellikle iade edilmez. Kullan\u0131lmayan k\u0131s\u0131m sadece istisnai durumlarda g\u00f6zden ge\u00e7irilebilir ve iade edilece\u011fi garanti edilmez. <\/li>\n\n\n\n<li>\u00dcretimin ba\u015flad\u0131\u011f\u0131 veya kredilerin kullan\u0131ld\u0131\u011f\u0131 durumlarda, yaln\u0131zca kendi istemlerinizden \u00fcretilen \u00e7\u0131kt\u0131lar\u0131n stilini, konusunu veya \u00f6znel kalitesini be\u011fenmedi\u011finiz i\u00e7in genellikle para iadesi yap\u0131lmaz.<\/li>\n<\/ul>\n\n<p><strong>6. Ba\u015far\u0131s\u0131z nesiller ve teknik sorunlar<\/strong><\/p>\n\n<p>Bir \u00fcretim talebi bize atfedilebilecek teknik bir sorun nedeniyle ba\u015far\u0131s\u0131z olursa ve size kullan\u0131labilir bir \u00e7\u0131kt\u0131 teslim edilmezse, a\u015fa\u011f\u0131daki \u00e7\u00f6z\u00fcm yollar\u0131ndan birini veya daha fazlas\u0131n\u0131 se\u00e7ebiliriz:<\/p>\n\n<ul class=\"wp-block-list\">\n<li>\u00fcretim maliyetini hesab\u0131n\u0131za yeniden kredilendirin;<\/li>\n\n\n\n<li>ek \u00fccret \u00f6demeden jenerasyonu yeniden \u00e7al\u0131\u015ft\u0131rman\u0131za izin verir;<\/li>\n\n\n\n<li>yeniden kredi veya yeniden tedarikin makul olarak m\u00fcmk\u00fcn olmad\u0131\u011f\u0131 durumlarda etkilenen i\u015flem i\u00e7in para iadesi yapmak.<\/li>\n<\/ul>\n\n<p>Sorunu do\u011frulayabilmemiz i\u00e7in ekran g\u00f6r\u00fcnt\u00fcleri, sipari\u015f ayr\u0131nt\u0131lar\u0131, hesap tan\u0131mlay\u0131c\u0131lar\u0131, zaman damgalar\u0131, taray\u0131c\u0131\/cihaz bilgileri ve di\u011fer makul kan\u0131tlar\u0131 talep edebiliriz. Ge\u00e7ici gecikme, kuyruk gecikmeleri, beklenen model de\u011fi\u015fkenli\u011fi veya yasal bir \u00e7\u0131kt\u0131dan memnuniyetsizlik kendi ba\u015flar\u0131na teknik teslim edilmeme durumunu olu\u015fturmaz. <\/p>\n\n<p><strong>7. \u00d6zel istemler ve \u00f6znel memnuniyetsizlik<\/strong><\/p>\n\n<p>Yapay zeka taraf\u0131ndan \u00fcretilen \u00e7\u0131kt\u0131lar do\u011fal olarak istemlere, sistem ko\u015fullar\u0131na, model davran\u0131\u015f\u0131na ve teknik parametrelere g\u00f6re de\u011fi\u015fiklik g\u00f6sterir. Para iadeleri normalde yaln\u0131zca m\u00fc\u015fterinin bir \u00e7\u0131kt\u0131y\u0131 \u00f6znel olarak be\u011fenmemesi, farkl\u0131 bir tarz beklemesi veya bir komut isteminin iyile\u015ftirilebilece\u011fine inanmas\u0131 nedeniyle yap\u0131lmaz. <\/p>\n\n<p>Hizmet, talebinize yan\u0131t olarak ger\u00e7ekten bir \u00e7\u0131kt\u0131 \u00fcretmi\u015f ve teslim etmi\u015fse, bu \u00fcretim genellikle ger\u00e7ekle\u015ftirilmi\u015f olarak de\u011ferlendirilir. \u00c7\u0131kt\u0131n\u0131n ticari a\u00e7\u0131dan faydal\u0131 olmamas\u0131, estetik a\u00e7\u0131dan tercih edilmemesi veya beklentilerinizle m\u00fckemmel bir \u015fekilde uyumlu olmamas\u0131 tek ba\u015f\u0131na bir geri \u00f6deme hakk\u0131 yaratmaz. <\/p>\n\n<p><strong>8. T\u00fcketici iptal haklar\u0131 ve an\u0131nda dijital tedarik<\/strong><\/p>\n\n<p>Y\u00fcr\u00fcrl\u00fckteki t\u00fcketici yasalar\u0131n\u0131n mesafeli s\u00f6zle\u015fmeler i\u00e7in bir bekleme veya iptal hakk\u0131 tan\u0131d\u0131\u011f\u0131 durumlarda, derhal ifa talebiniz ve gerekli onaylar da dahil olmak \u00fczere ilgili yasal ko\u015fullar\u0131n yerine getirilmesi ko\u015fuluyla, dijital i\u00e7erik tedarik edildi\u011finde veya dijital bir hizmet ba\u015flad\u0131\u011f\u0131nda bu hak kaybedilebilir.<\/p>\n\n<p>Dijital i\u00e7erik, dijital indirmeler veya \u00f6n \u00f6demeli dijital kullan\u0131m haklar\u0131 i\u00e7in sipari\u015f vererek ve derhal teslimat veya aktivasyon talep ederek, tedarikin herhangi bir bekleme s\u00fcresinin bitiminden \u00f6nce ba\u015flayabilece\u011fini ve bu nedenle iptal\/iade haklar\u0131n\u0131z\u0131n yasalar\u0131n izin verdi\u011fi en geni\u015f \u00f6l\u00e7\u00fcde azalt\u0131labilece\u011fini veya kaybedilebilece\u011fini kabul etmeniz istenebilir.<\/p>\n\n<p>Bu politikadaki hi\u00e7bir \u015fey, sat\u0131n alma i\u015fleminiz i\u00e7in ge\u00e7erli olan zorunlu t\u00fcketici koruma mevzuat\u0131 kapsam\u0131nda yasal olarak hari\u00e7 tutulamayan haklar\u0131 hari\u00e7 tutmaz.<\/p>\n\n<p><strong>9. Geri \u00f6demelerin reddedilebilece\u011fi durumlar<\/strong><\/p>\n\n<ul class=\"wp-block-list\">\n<li>Dijital dosya, eri\u015fim hakk\u0131 veya kredi paketi uygun \u015fekilde tedarik edilmi\u015ftir ve m\u00fc\u015fteri bunlar\u0131 zaten kullanm\u0131\u015f, indirmi\u015f, eri\u015fmi\u015f veya t\u00fcketmi\u015ftir.<\/li>\n\n\n\n<li>Talep yaln\u0131zca fikir de\u011fi\u015fikli\u011fi, ki\u015fisel tercih, m\u00fc\u015fteri ortam\u0131ndan kaynaklanan uyumsuzluk veya sat\u0131n almadan \u00f6nce \u00fcr\u00fcn bilgilerinin incelenmemesine dayanmaktad\u0131r.<\/li>\n\n\n\n<li>K\u00f6t\u00fcye kullan\u0131m, birden fazla tekrar eden iade talebi, ters ibraz\u0131n k\u00f6t\u00fcye kullan\u0131m\u0131, yetkisiz hesap payla\u015f\u0131m\u0131 veya politika ihlali oldu\u011funa dair kan\u0131tlar var.<\/li>\n\n\n\n<li>M\u00fc\u015fteri, istemlerin veya olu\u015fturulan i\u00e7eri\u011fin yasa d\u0131\u015f\u0131 veya k\u00f6t\u00fcye kullan\u0131m\u0131 da dahil olmak \u00fczere \u015eartlar ve Ko\u015fullar\u0131 ihlal etti.<\/li>\n\n\n\n<li>Sorun, makul kontrol\u00fcm\u00fcz d\u0131\u015f\u0131ndaki bir \u00fc\u00e7\u00fcnc\u00fc taraf \u00f6deme sa\u011flay\u0131c\u0131s\u0131 sorunu, banka k\u0131s\u0131tlamas\u0131 veya cihaz\/yaz\u0131l\u0131m ortam\u0131ndan kaynaklanmaktad\u0131r ve sat\u0131n al\u0131nan dijital fayda yine de sa\u011flanm\u0131\u015ft\u0131r.<\/li>\n<\/ul>\n\n<p><strong>10. M\u00fckerrer \u00f6demeler, faturalama hatalar\u0131 ve yetkisiz i\u015flemler<\/strong><\/p>\n\n<p>\u0130ki kez \u00fccretlendirildi\u011finizi, yanl\u0131\u015f tutarda \u00fccretlendirildi\u011finizi veya yetkiniz olmadan \u00fccretlendirildi\u011finizi d\u00fc\u015f\u00fcn\u00fcyorsan\u0131z, i\u015flemi tan\u0131mlamak i\u00e7in yeterli ayr\u0131nt\u0131larla birlikte derhal info@image-spot.com adresinden bizimle ileti\u015fime ge\u00e7melisiniz.<\/p>\n\n<p>M\u00fckerrer \u00f6deme, a\u00e7\u0131k faturalama hatas\u0131 veya ger\u00e7ekten yetkisiz bir i\u015flemi do\u011frulad\u0131\u011f\u0131m\u0131zda, normalde iptal, iade, geri alma veya hesap d\u00fczeltmesini i\u00e7erebilecek uygun d\u00fczeltici eylemi ger\u00e7ekle\u015ftirece\u011fiz. Talebi i\u015fleme koymadan \u00f6nce makul destekleyici bilgiler isteyebiliriz. <\/p>\n\n<p>Sorunun doland\u0131r\u0131c\u0131l\u0131k, hesab\u0131n ele ge\u00e7irilmesi veya \u00f6demenin k\u00f6t\u00fcye kullan\u0131lmas\u0131 \u015f\u00fcphesinden kaynaklanmas\u0131 halinde, soru\u015fturma devam ederken hesab\u0131 veya i\u015flemi ask\u0131ya alabiliriz.<\/p>\n\n<p><strong>11. Ters ibrazlar ve \u00f6deme anla\u015fmazl\u0131klar\u0131<\/strong><\/p>\n\n<p>\u00d6deme sa\u011flay\u0131c\u0131n\u0131zla bir ters ibraz ba\u015flatmadan \u00f6nce, konuyu inceleyebilmemiz ve uygun oldu\u011funda do\u011frudan \u00e7\u00f6zebilmemiz i\u00e7in \u00f6nce bizimle ileti\u015fime ge\u00e7menizi rica ederiz.<\/p>\n\n<p>Do\u011fru \u015fekilde tedarik edilen bir sipari\u015fle ilgili olarak bir ters ibraz ba\u015flat\u0131l\u0131rsa veya doland\u0131r\u0131c\u0131l\u0131k veya k\u00f6t\u00fcye kullan\u0131mdan makul \u00f6l\u00e7\u00fcde \u015f\u00fcphelendi\u011fimiz durumlarda, ters ibraza itiraz edebilir, etkilenen hesaplar\u0131 ask\u0131ya alabilir, daha fazla sat\u0131n alma i\u015flemini k\u0131s\u0131tlayabilir ve kan\u0131t amac\u0131yla platform ve i\u015flem kay\u0131tlar\u0131n\u0131 saklayabiliriz.<\/p>\n\n<p><strong>12. Para iadesi veya inceleme nas\u0131l talep edilir<\/strong><\/p>\n\n<p>Para iadesi, yeniden kredi veya fatura incelemesi talep etmek i\u00e7in l\u00fctfen info@image-spot.com adresiyle ileti\u015fime ge\u00e7in ve etkin bir \u015fekilde ara\u015ft\u0131rma yapabilmemiz i\u00e7in yeterli bilgiyi sa\u011flay\u0131n. Talebiniz, varsa, \u015funlar\u0131 i\u00e7ermelidir: <\/p>\n\n<ul class=\"wp-block-list\">\n<li>Sipari\u015f veya hesap i\u00e7in kullan\u0131lan tam ad ve ileti\u015fim e-postas\u0131;<\/li>\n\n\n\n<li>sipari\u015f numaras\u0131, i\u015flem referans\u0131, sat\u0131n alma tarihi ve \u00f6deme tutar\u0131;<\/li>\n\n\n\n<li>Sorunun ve talep edilen \u00e7\u00f6z\u00fcm\u00fcn a\u00e7\u0131k bir \u015fekilde a\u00e7\u0131klanmas\u0131;<\/li>\n\n\n\n<li>ilgili ekran g\u00f6r\u00fcnt\u00fcleri, hata mesajlar\u0131, hesap ekran g\u00f6r\u00fcnt\u00fcleri veya di\u011fer destekleyici kan\u0131tlar.<\/li>\n<\/ul>\n\n<p>Kimli\u011fi do\u011frulamak, sahtekarl\u0131\u011f\u0131 \u00f6nlemek veya dijital \u00fcr\u00fcn\u00fcn veya kredilerin teslimat durumunu anlamak i\u00e7in makul \u00f6l\u00e7\u00fcde gerekli oldu\u011funda ek bilgi talep edebiliriz.<\/p>\n\n<p><strong>13. Zamanlama ve iade i\u015flemlerini g\u00f6zden ge\u00e7irin<\/strong><\/p>\n\n<p>Karma\u015f\u0131kl\u0131\u011f\u0131, doland\u0131r\u0131c\u0131l\u0131k kontrollerini, \u00f6deme sa\u011flay\u0131c\u0131 zamanlamalar\u0131n\u0131, hafta sonlar\u0131n\u0131, resmi tatilleri ve sunulan bilgilerin eksiksizli\u011fini dikkate alarak geri \u00f6demeyle ilgili talepleri makul bir s\u00fcre i\u00e7inde incelemeyi ama\u00e7l\u0131yoruz.<\/p>\n\n<p>Bir para iadesi onaylan\u0131rsa, yat\u0131r\u0131lan tutar\u0131n hesab\u0131n\u0131zda g\u00f6r\u00fcnme s\u00fcresi bankan\u0131za, kart\u0131 veren kurulu\u015fa, c\u00fczdan sa\u011flay\u0131c\u0131s\u0131na veya \u00f6deme y\u00f6ntemine ba\u011fl\u0131 olabilir. Do\u011frudan kontrol\u00fcm\u00fcz d\u0131\u015f\u0131ndaki i\u015flem s\u00fcreleri, aksi takdirde ge\u00e7erli olacak bir iade karar\u0131n\u0131 ge\u00e7ersiz k\u0131lmaz. <\/p>\n\n<p><strong>14. Doland\u0131r\u0131c\u0131l\u0131\u011f\u0131n \u00f6nlenmesi ve haklar\u0131n sakl\u0131 tutulmas\u0131<\/strong><\/p>\n\n<p>Doland\u0131r\u0131c\u0131l\u0131\u011f\u0131, platformun k\u00f6t\u00fcye kullan\u0131lmas\u0131n\u0131, yapt\u0131r\u0131mlara maruz kalmay\u0131, kara para aklama riskini, ters ibraz manip\u00fclasyonunu veya dijital \u00fcr\u00fcnlerin ve kredilerin\/jetonlar\u0131n k\u00f6t\u00fcye kullan\u0131lmas\u0131n\u0131 \u00f6nlemek i\u00e7in makul \u00f6l\u00e7\u00fcde gerekli oldu\u011fu durumlarda herhangi bir geri \u00f6demeyi reddetme, geciktirme veya \u015farta ba\u011flama hakk\u0131m\u0131z\u0131 sakl\u0131 tutar\u0131z.<\/p>\n\n<p>Gizlilik Politikam\u0131z ve y\u00fcr\u00fcrl\u00fckteki yasalar uyar\u0131nca kan\u0131t, operasyonel, uyum ve anla\u015fmazl\u0131k \u00e7\u00f6z\u00fcm\u00fc ama\u00e7lar\u0131yla sat\u0131n alma etkinli\u011fi, teslimat olaylar\u0131, hesap bakiyesi de\u011fi\u015fiklikleri, h\u0131zl\u0131 kullan\u0131m, cihaz\/taray\u0131c\u0131 verileri, ileti\u015fimler ve teknik g\u00fcnl\u00fcklerin kay\u0131tlar\u0131n\u0131 tutabiliriz.<\/p>\n\n<p><strong>15. Bu politikada yap\u0131lan de\u011fi\u015fiklikler<\/strong><\/p>\n\n<p>Web Sitesindeki, \u00fcr\u00fcn modelindeki, yasal gerekliliklerdeki, \u00f6deme s\u00fcre\u00e7lerindeki veya operasyonel uygulamalardaki de\u011fi\u015fiklikleri yans\u0131tmak i\u00e7in bu Geri \u00d6deme Politikas\u0131n\u0131 zaman zaman g\u00fcncelleyebiliriz. En son s\u00fcr\u00fcm, g\u00fcncellenmi\u015f bir y\u00fcr\u00fcrl\u00fck tarihi ile Web Sitesinde yay\u0131nlanacakt\u0131r. <\/p>\n\n<p><strong>16. \u0130leti\u015fim<\/strong><\/p>\n\n<p>Para iadesi, faturaland\u0131rma ve teslimatla ilgili talepler info@image-spot.com adresine g\u00f6nderilmelidir.<\/p>\n\n<p>\u015eirket: XOR SOLUTIONS LIMITED &#8211; \u015firket numaras\u0131 15744696 &#8211; kay\u0131tl\u0131 ofis: Daire 44 Ennerdale House, 121 Hamlets Way, Londra, \u0130ngiltere, E3 4TY.<\/p>\n","protected":false},"excerpt":{"rendered":"<p>ImageSpot(image-spot.com) T\u00fczel ki\u015filik XOR SOLUTIONS LIMITED\u015eirket No. 15744696Kay\u0131tl\u0131 ofis: Daire 44 Ennerdale House, 121 Hamlets Way, Londra, \u0130ngiltere, E3 4TY Web sitesi image-spot.comDestek e-postas\u0131: info@image-spot.com Kapsam dahilindeki \u00fcr\u00fcnler AI taraf\u0131ndan olu\u015fturulan dijital g\u00f6r\u00fcnt\u00fc indirmeleriAI g\u00f6r\u00fcnt\u00fc mod\u00fcl\u00fc i\u00e7in \u00f6n \u00f6demeli \u00fcretim kredileri \/ jetonlar\u0131Abonelik modeli yok Y\u00fcr\u00fcrl\u00fck tarihi: 11 Mart 2026S\u00fcr\u00fcm: Web Sitesi Yasal Paketi &#8211; [&hellip;]<\/p>\n","protected":false},"author":1,"featured_media":0,"parent":0,"menu_order":0,"comment_status":"closed","ping_status":"closed","template":"","meta":{"footnotes":""},"class_list":["post-30463","page","type-page","status-publish","hentry"],"_links":{"self":[{"href":"https:\/\/image-spot.com\/tr\/wp-json\/wp\/v2\/pages\/30463","targetHints":{"allow":["GET"]}}],"collection":[{"href":"https:\/\/image-spot.com\/tr\/wp-json\/wp\/v2\/pages"}],"about":[{"href":"https:\/\/image-spot.com\/tr\/wp-json\/wp\/v2\/types\/page"}],"author":[{"embeddable":true,"href":"https:\/\/image-spot.com\/tr\/wp-json\/wp\/v2\/users\/1"}],"replies":[{"embeddable":true,"href":"https:\/\/image-spot.com\/tr\/wp-json\/wp\/v2\/comments?post=30463"}],"version-history":[{"count":3,"href":"https:\/\/image-spot.com\/tr\/wp-json\/wp\/v2\/pages\/30463\/revisions"}],"predecessor-version":[{"id":37007,"href":"https:\/\/image-spot.com\/tr\/wp-json\/wp\/v2\/pages\/30463\/revisions\/37007"}],"wp:attachment":[{"href":"https:\/\/image-spot.com\/tr\/wp-json\/wp\/v2\/media?parent=30463"}],"curies":[{"name":"wp","href":"https:\/\/api.w.org\/{rel}","templated":true}]}}