{"id":30461,"date":"2025-10-20T11:32:38","date_gmt":"2025-10-20T11:32:38","guid":{"rendered":"http:\/\/image-spot.com\/sartlar-ve-kosullar\/"},"modified":"2026-03-13T15:08:14","modified_gmt":"2026-03-13T15:08:14","slug":"sartlar-ve-kosullar","status":"publish","type":"page","link":"https:\/\/image-spot.com\/tr\/sartlar-ve-kosullar\/","title":{"rendered":"\u015eartlar ve ko\u015fullar"},"content":{"rendered":"\n<p><strong>ImageSpot<br\/>(image-spot.com)<\/strong><\/p>\n\n<figure class=\"wp-block-table\"><table class=\"has-fixed-layout\"><tbody><tr><td>T\u00fczel ki\u015filik<\/td><td>XOR SOLUTIONS LIMITED<br\/>\u015eirket No. 15744696<br\/>Kay\u0131tl\u0131 ofis: Daire 44 Ennerdale House, 121 Hamlets Way, Londra, \u0130ngiltere, E3 4TY<\/td><\/tr><tr><td>Web sitesi<\/td><td>image-spot.com<br\/>Destek e-postas\u0131: info@image-spot.com<br\/>\u00dcr\u00fcnler: Yapay zeka taraf\u0131ndan \u00fcretilen dijital g\u00f6r\u00fcnt\u00fcler ve \u00f6n \u00f6demeli \u00fcretim kredileri\/tokenlar\u0131<\/td><\/tr><\/tbody><\/table><\/figure>\n\n<p>Y\u00fcr\u00fcrl\u00fck tarihi: 11 Mart 2026<br\/>S\u00fcr\u00fcm: Web Sitesi Yasal Paketi &#8211; Dok\u00fcman 1<\/p>\n\n<p><em>Bu belge, Web Sitesinin kullan\u0131m\u0131n\u0131, AI taraf\u0131ndan olu\u015fturulan dijital i\u00e7erik sat\u0131n al\u0131mlar\u0131n\u0131 ve devredilemeyen \u00fcretim kredilerinin\/jetonlar\u0131n\u0131n sat\u0131n al\u0131mlar\u0131n\u0131 ve kullan\u0131m\u0131n\u0131 y\u00f6netir.<\/em><\/p>\n\n<p><strong>1. Giri\u015f<\/strong><\/p>\n\n<p>Bu \u015eartlar ve Ko\u015fullar (\u015eartlar), image-spot.com web sitesine ve XOR SOLUTIONS LIMITED (\u015eirket, biz, bize veya bizim) taraf\u0131ndan sunulan ili\u015fkili sayfalara, uygulamalara, \u00f6deme ak\u0131\u015flar\u0131na, hesap alanlar\u0131na, AI g\u00f6r\u00fcnt\u00fc olu\u015fturma aray\u00fczlerine, dijital indirmelere ve ilgili hizmetlere eri\u015fiminizi ve bunlar\u0131 kullan\u0131m\u0131n\u0131z\u0131 y\u00f6netir.<\/p>\n\n<p>Web Sitesine eri\u015ferek veya Web Sitesini kullanarak, bir hesap olu\u015fturarak, sipari\u015f vererek, kredi\/jeton sat\u0131n alarak, dijital i\u00e7erik indirerek veya yapay zeka g\u00f6r\u00fcnt\u00fc olu\u015fturma ara\u00e7lar\u0131m\u0131za istemler g\u00f6ndererek, bu Ko\u015fullara tabi olmay\u0131 kabul edersiniz. Kabul etmiyorsan\u0131z, Web Sitesini kullanmamal\u0131 veya bizden herhangi bir \u00fcr\u00fcn veya hizmet sat\u0131n almamal\u0131s\u0131n\u0131z. <\/p>\n\n<p><strong>2. Hakk\u0131m\u0131zda<\/strong><\/p>\n\n<p>Web sitesi, \u0130ngiltere ve Galler&#8217;de 15744696 \u015firket numaras\u0131 alt\u0131nda kurulmu\u015f \u00f6zel bir limited \u015firket olan XOR SOLUTIONS LIMITED taraf\u0131ndan i\u015fletilmektedir ve kay\u0131tl\u0131 ofisi Flat 44 Ennerdale House, 121 Hamlets Way, Londra, \u0130ngiltere, E3 4TY adresindedir.<\/p>\n\n<p>Web sitesiyle ilgili genel destek veya yasal bildirimler i\u00e7in info@image-spot.com adresinden bizimle ileti\u015fime ge\u00e7ebilirsiniz.<\/p>\n\n<p><strong>3. Uygunluk ve izin verilen kullan\u0131m<\/strong><\/p>\n\n<p>Web Sitesini yaln\u0131zca y\u00fcr\u00fcrl\u00fckteki yasalar uyar\u0131nca yasal olarak ba\u011flay\u0131c\u0131 bir s\u00f6zle\u015fme olu\u015fturabiliyorsan\u0131z ve y\u00fcr\u00fcrl\u00fckteki herhangi bir yapt\u0131r\u0131m, ihracat kontrol\u00fc, t\u00fcketicinin korunmas\u0131, fikri m\u00fclkiyet veya di\u011fer yasalar uyar\u0131nca Web Sitesini kullanman\u0131z veya \u00fcr\u00fcnlerimizi veya hizmetlerimizi sat\u0131n alman\u0131z yasaklanmam\u0131\u015fsa kullanabilirsiniz.<\/p>\n\n<ul class=\"wp-block-list\">\n<li>Bir hesap olu\u015ftururken veya sipari\u015f verirken do\u011fru, g\u00fcncel ve eksiksiz bilgiler vermelisiniz.<\/li>\n\n\n\n<li>Oturum a\u00e7ma kimlik bilgilerinizin gizlili\u011fini korumaktan ve hesab\u0131n\u0131z \u00fczerinden ger\u00e7ekle\u015ftirilen t\u00fcm faaliyetlerden siz sorumlusunuz.<\/li>\n\n\n\n<li>Web Sitesini yasa d\u0131\u015f\u0131, hileli, taciz edici, karalay\u0131c\u0131, ihlal edici, aldat\u0131c\u0131 veya zararl\u0131 ama\u00e7larla kullanmamal\u0131s\u0131n\u0131z.<\/li>\n<\/ul>\n\n<p><strong>4. \u00dcr\u00fcnlerimiz ve hizmetlerimiz<\/strong><\/p>\n\n<p>Web Sitesi a\u015fa\u011f\u0131dakilerden bir veya daha fazlas\u0131n\u0131 sunabilir:<\/p>\n\n<ul class=\"wp-block-list\">\n<li>Yapay zeka taraf\u0131ndan \u00fcretilen dijital g\u00f6r\u00fcnt\u00fc i\u00e7eri\u011fi tek seferlik sat\u0131n al\u0131nabilir ve indirilebilir.<\/li>\n\n\n\n<li>AI g\u00f6r\u00fcnt\u00fc olu\u015fturma i\u015flevi i\u00e7in Web Sitesinde kullan\u0131labilecek \u00f6n \u00f6demeli krediler\/jetonlar.<\/li>\n\n\n\n<li>Yapay zeka destekli yarat\u0131c\u0131 ara\u00e7lara, \u00fcretim aray\u00fczlerine, galerilere ve ilgili dijital \u00f6zelliklere eri\u015fim.<\/li>\n\n\n\n<li>Ayr\u0131 \u00f6zel \u015fartlara, i\u015f beyanlar\u0131na veya hizmet anla\u015fmalar\u0131na tabi olabilecek i\u015f veya kurumsal yapay zeka ile ilgili hizmetler.<\/li>\n<\/ul>\n\n<p>Web Sitesindeki t\u00fcm a\u00e7\u0131klamalar, ekran g\u00f6r\u00fcnt\u00fcleri, \u00f6rnekler, \u00f6nizlemeler ve pazarlama beyanlar\u0131 a\u00e7\u0131klay\u0131c\u0131d\u0131r. Yapay zeka taraf\u0131ndan \u00fcretilen sonu\u00e7lar\u0131n ger\u00e7ek \u00e7\u0131kt\u0131s\u0131, kalitesi, stili, bi\u00e7imi, \u00e7\u00f6z\u00fcn\u00fcrl\u00fc\u011f\u00fc ve uygunlu\u011fu istemlere, sistem parametrelerine, model davran\u0131\u015f\u0131na ve teknik fakt\u00f6rlere ba\u011fl\u0131 olarak \u00f6nemli \u00f6l\u00e7\u00fcde de\u011fi\u015febilir. <\/p>\n\n<p><strong>5. Krediler\/tokenlar<\/strong><\/p>\n\n<p>Web Sitesinin \u00f6n \u00f6demeli krediler veya jetonlar sundu\u011fu durumlarda, bu krediler \/ jetonlar yaln\u0131zca dahili Web Sitesi i\u015flevselli\u011fi i\u00e7in dijital kullan\u0131m birimleridir. Bunlar banka mevduat\u0131, e-para, \u00f6deme ara\u00e7lar\u0131, kripto varl\u0131klar, menkul k\u0131ymetler, yat\u0131r\u0131m \u00fcr\u00fcnleri veya m\u00fclkiyet haklar\u0131 de\u011fildir. <\/p>\n\n<ul class=\"wp-block-list\">\n<li>Krediler\/jetonlar devredilemez, de\u011fi\u015ftirilemez ve y\u00fcr\u00fcrl\u00fckteki yasalar\u0131n gerektirdi\u011fi veya taraf\u0131m\u0131zdan yaz\u0131l\u0131 olarak a\u00e7\u0131k\u00e7a belirtildi\u011fi durumlar d\u0131\u015f\u0131nda nakit olarak kullan\u0131lamaz.<\/li>\n\n\n\n<li>Krediler\/jetonlar yaln\u0131zca Web Sitesinde ve yaln\u0131zca sat\u0131n alma s\u0131ras\u0131nda a\u00e7\u0131klanan izin verilen ama\u00e7lar i\u00e7in kullan\u0131labilir.<\/li>\n\n\n\n<li>Krediler\/jetonlar, ilgili zamanda Web Sitesinde g\u00f6r\u00fcnt\u00fclenen kurallara uygun olarak \u00fcretim talepleri g\u00f6nderildi\u011finde veya i\u015flendi\u011finde t\u00fcketilir.<\/li>\n\n\n\n<li>Kredileri\/jetonlar\u0131 etkileyen a\u00e7\u0131k fiyatland\u0131rma, sistem veya muhasebe hatalar\u0131n\u0131 d\u00fczeltebilir ve doland\u0131r\u0131c\u0131l\u0131k, k\u00f6t\u00fcye kullan\u0131m, teknik ar\u0131za veya yasal riskten \u015f\u00fcphelenilen durumlarda \u00f6demeyi ask\u0131ya alabiliriz.<\/li>\n<\/ul>\n\n<p><strong>6. Sipari\u015fler ve s\u00f6zle\u015fme olu\u015fturma<\/strong><\/p>\n\n<p>Bir s\u00f6zle\u015fme yaln\u0131zca sipari\u015finizi kabul etti\u011fimizde olu\u015fur. Doland\u0131r\u0131c\u0131l\u0131\u011f\u0131n \u00f6nlenmesi, \u00f6deme hatas\u0131, \u015f\u00fcpheli suistimal, yapt\u0131r\u0131m riski, teknik sorunlar veya g\u00f6r\u00fcn\u00fcr fiyatland\u0131rma veya i\u00e7erik hatalar\u0131 dahil olmak \u00fczere makul olarak gerekli oldu\u011fu durumlarda kendi takdirimize ba\u011fl\u0131 olarak herhangi bir sipari\u015fi veya \u00fcretim talebini reddedebilir, iptal edebilir veya beklemeye alabiliriz. <\/p>\n\n<p>Bir sipari\u015f g\u00f6ndermeden \u00f6nce, se\u00e7ilen \u00fcr\u00fcn, kredi paketi, fiyat, para birimi, faturaland\u0131rma ayr\u0131nt\u0131lar\u0131 ve \u00fcr\u00fcne \u00f6zg\u00fc kullan\u0131m ko\u015fullar\u0131 veya teknik gereksinimler dahil olmak \u00fczere t\u00fcm \u00f6nemli ayr\u0131nt\u0131lar\u0131 g\u00f6zden ge\u00e7irmek sizin sorumlulu\u011funuzdad\u0131r.<\/p>\n\n<p><strong>7. Fiyatlar, para birimleri, vergiler ve \u00f6deme<\/strong><\/p>\n\n<p>Web Sitesinde g\u00f6sterilen fiyatlar, Web Sitesi yap\u0131land\u0131rmas\u0131na, konuma veya \u00f6deme ayarlar\u0131na ba\u011fl\u0131 olarak USD, EUR, AUD, GBP ve CAD dahil olmak \u00fczere bir veya daha fazla para biriminde g\u00f6r\u00fcnt\u00fclenebilir. Desteklenen para birimlerini istedi\u011fimiz zaman ekleyebilir, kald\u0131rabilir veya de\u011fi\u015ftirebiliriz. <\/p>\n\n<ul class=\"wp-block-list\">\n<li>T\u00fcm fiyatlar, sipari\u015finiz kabul edilmeden \u00f6nce herhangi bir zamanda de\u011fi\u015ftirilebilir.<\/li>\n\n\n\n<li>Bize ve \u00f6deme sa\u011flay\u0131c\u0131lar\u0131m\u0131za, yasalar\u0131n ve bu \u015eartlar\u0131n izin verdi\u011fi durumlarda ge\u00e7erli vergiler, \u00fccretler ve ters ibrazla ilgili geri \u00f6deme tutarlar\u0131 dahil olmak \u00fczere toplam sipari\u015f tutar\u0131 i\u00e7in g\u00f6nderdi\u011finiz \u00f6deme y\u00f6ntemini tahsil etme yetkisi verirsiniz.<\/li>\n\n\n\n<li>Yasal olarak yetkilendirilmedi\u011finiz s\u00fcrece bir \u00f6deme y\u00f6ntemi kullanmamal\u0131s\u0131n\u0131z.<\/li>\n\n\n\n<li>\u0130lgili \u00f6deme sa\u011flay\u0131c\u0131s\u0131 taraf\u0131ndan kendi uyumluluk \u00e7er\u00e7evesine uygun olarak a\u00e7\u0131k\u00e7a belirtilmedik\u00e7e \u00f6deme kart\u0131 bilgilerinin tamam\u0131n\u0131 saklam\u0131yoruz.<\/li>\n<\/ul>\n\n<p><strong>8. Dijital teslimat ve yerine getirme<\/strong><\/p>\n\n<p>Sat\u0131n al\u0131nan dijital g\u00f6r\u00fcnt\u00fcler tipik olarak indirme, hesap eri\u015fimi veya ba\u015fka bir dijital da\u011f\u0131t\u0131m mekanizmas\u0131 ile kullan\u0131ma sunulur. Krediler\/jetonlar tipik olarak ilgili kullan\u0131c\u0131 hesab\u0131 bakiyesine eklenerek veya Web Sitesinde ba\u015fka bir \u015fekilde kullan\u0131ma sunularak teslim edilir. <\/p>\n\n<p>Dijital teslimat, ilgili \u00fcr\u00fcn, indirme veya kullan\u0131m hakk\u0131 hesab\u0131n\u0131za, \u00f6deme onay\u0131 sayfas\u0131na, e-posta teslimat kanal\u0131na veya taraf\u0131m\u0131zca belirlenen di\u011fer eri\u015fim noktalar\u0131na sunuldu\u011funda tamamlanm\u0131\u015f say\u0131l\u0131r.<\/p>\n\n<p>Teslimat s\u00fcreleri, a\u00e7\u0131k\u00e7a garanti edilmedi\u011fi s\u00fcrece yaln\u0131zca tahminidir. \u00d6deme incelemesi, AI i\u015flem y\u00fck\u00fc, bak\u0131m, \u00fc\u00e7\u00fcnc\u00fc taraf kesintileri veya doland\u0131r\u0131c\u0131l\u0131k \u00f6nleme kontrolleri nedeniyle ge\u00e7ici gecikmeler meydana gelebilir. <\/p>\n\n<p><strong>9. \u0130ndirilen i\u00e7eri\u011fi kullanma hakk\u0131<\/strong><\/p>\n\n<p>Tam \u00f6deme yapman\u0131z ve bu \u015eartlara uymaya devam etmeniz ko\u015fuluyla, ilgili \u00fcr\u00fcn i\u00e7in daha dar veya daha geni\u015f bir lisans a\u00e7\u0131k\u00e7a belirtilmedik\u00e7e, Web Sitesi arac\u0131l\u0131\u011f\u0131yla yasal olarak elde etti\u011finiz dijital g\u00f6r\u00fcnt\u00fc i\u00e7eri\u011fini dahili veya ticari ama\u00e7lar\u0131n\u0131z i\u00e7in kullanman\u0131z i\u00e7in size s\u0131n\u0131rl\u0131, m\u00fcnhas\u0131r olmayan, geri al\u0131nabilir, alt lisans verilemez bir lisans veriyoruz.<\/p>\n\n<ul class=\"wp-block-list\">\n<li>Bu lisans, Web Sitesinin, modellerin, yaz\u0131l\u0131m\u0131n, istem altyap\u0131s\u0131n\u0131n, ticari markalar\u0131n, markan\u0131n veya temel platform haklar\u0131n\u0131n m\u00fclkiyetini devretmez.<\/li>\n\n\n\n<li>Aksi a\u00e7\u0131k\u00e7a belirtilmedik\u00e7e, herhangi bir \u00e7\u0131kt\u0131n\u0131n benzersiz, \u00f6zel, s\u00fcresiz olarak kullan\u0131labilir olaca\u011f\u0131n\u0131 veya di\u011fer kullan\u0131c\u0131lar i\u00e7in veya di\u011fer sistemlerden \u00fcretilen \u00e7\u0131kt\u0131larla benzerlik g\u00f6stermeyece\u011fini garanti etmiyoruz.<\/li>\n\n\n\n<li>Herhangi bir \u00e7\u0131kt\u0131y\u0131 kullan\u0131m amac\u0131n\u0131z\u0131n ilgili yarg\u0131 alan\u0131nda ve ba\u011flamda yasal, uygun ve ihlal edici olup olmad\u0131\u011f\u0131n\u0131 de\u011ferlendirmek sizin sorumlulu\u011funuzdad\u0131r.<\/li>\n<\/ul>\n\n<p><strong>10. Yapay zeka istemleri, olu\u015fturulan \u00e7\u0131kt\u0131 ve k\u0131s\u0131tlamalar<\/strong><\/p>\n\n<p>Yasad\u0131\u015f\u0131 olan veya ba\u015fkalar\u0131n\u0131n haklar\u0131n\u0131 ihlal eden istemler, referans materyalleri, talimatlar veya di\u011fer girdileri g\u00f6ndermemelisiniz. Web Sitesini veya olu\u015fturulan herhangi bir \u00e7\u0131kt\u0131y\u0131 yasa d\u0131\u015f\u0131, zararl\u0131, aldat\u0131c\u0131 veya istismar edici davran\u0131\u015flar\u0131 kolayla\u015ft\u0131rmak i\u00e7in kullanmamal\u0131s\u0131n\u0131z. <\/p>\n\n<ul class=\"wp-block-list\">\n<li>telif hakk\u0131, ticari marka, gizlilik, tan\u0131t\u0131m, veri taban\u0131 veya di\u011fer m\u00fclkiyet haklar\u0131n\u0131 ihlal etmek;<\/li>\n\n\n\n<li>yasa d\u0131\u015f\u0131 cinsel, s\u00f6m\u00fcr\u00fcc\u00fc, \u015fiddet i\u00e7eren, nefret dolu, a\u015f\u0131r\u0131l\u0131k yanl\u0131s\u0131, taciz edici veya aldat\u0131c\u0131 i\u00e7erik \u00fcretmek veya da\u011f\u0131tmak;<\/li>\n\n\n\n<li>yan\u0131lt\u0131c\u0131 taklitler, zararl\u0131 deepfake&#8217;ler, sahte kan\u0131tlar veya ba\u015fkalar\u0131n\u0131 doland\u0131rmaya veya manip\u00fcle etmeye y\u00f6nelik i\u00e7erikler olu\u015fturmak;<\/li>\n<\/ul>\n\n<ul class=\"wp-block-list\">\n<li>tersine m\u00fchendislik, kaz\u0131ma, inceleme, k\u0131yaslama, a\u015f\u0131r\u0131 y\u00fckleme veya Web Sitesini veya teknik veya ticari kontrollerini atlatma;<\/li>\n\n\n\n<li>yaz\u0131l\u0131 iznimiz olmadan hizmeti k\u00f6t\u00fcye kullanmak, veri toplamak veya sat\u0131n alma limitlerini veya kredi t\u00fcketim kurallar\u0131n\u0131 atlatmak i\u00e7in botlar, otomasyon veya komut dosyalar\u0131 kullanmak.<\/li>\n<\/ul>\n\n<p>Yasal, d\u00fczenleyici, s\u00f6zle\u015fmeye dayal\u0131, g\u00fcvenlik, doland\u0131r\u0131c\u0131l\u0131k veya itibar riskinin ortaya \u00e7\u0131kt\u0131\u011f\u0131na makul olarak inand\u0131\u011f\u0131m\u0131z durumlarda i\u00e7eri\u011fi, istemleri, hesaplar\u0131 veya i\u015flemleri kald\u0131rabilir, engelleyebilir, reddedebilir, ask\u0131ya alabilir, inceleyebilir veya raporlayabiliriz.<\/p>\n\n<p><strong>11. Kullan\u0131c\u0131 i\u00e7eri\u011fi ve geri bildirim<\/strong><\/p>\n\n<p>Web Sitesine istemler, metinler, resimler, referanslar, geri bildirimler veya di\u011fer materyalleri y\u00fckledi\u011finiz \u00f6l\u00e7\u00fcde, bize bu t\u00fcr materyalleri yaln\u0131zca Web Sitesini ve ilgili hizmetleri i\u015fletmek, g\u00fcvence alt\u0131na almak, sorun gidermek, iyile\u015ftirmek ve sa\u011flamak i\u00e7in makul olarak gerekli oldu\u011fu \u015fekilde bar\u0131nd\u0131rmak, i\u015flemek, iletmek, uyarlamak ve kullanmak i\u00e7in m\u00fcnhas\u0131r olmayan, d\u00fcnya \u00e7ap\u0131nda, telifsiz bir lisans verirsiniz, her zaman Gizlilik Politikam\u0131za ve ge\u00e7erli yasalara tabidir.<\/p>\n\n<p>Web Sitesi hakk\u0131nda \u00f6neri, fikir veya geri bildirimde bulunursan\u0131z, ki\u015fisel verileri hukuka ayk\u0131r\u0131 olarak i\u015flememizi veya sizinle a\u00e7\u0131k\u00e7a kararla\u015ft\u0131r\u0131lan gizlilik y\u00fck\u00fcml\u00fcl\u00fcklerini ihlal etmemizi gerektirmemesi ko\u015fuluyla, bunlar\u0131 k\u0131s\u0131tlama veya tazminat olmaks\u0131z\u0131n kullanabiliriz.<\/p>\n\n<p><strong>12. Fikri m\u00fclkiyet haklar\u0131<\/strong><\/p>\n\n<p>D\u00fczen, marka, yaz\u0131l\u0131m, kaynak ve nesne kodu, metin, grafikler, aray\u00fczler, veritabanlar\u0131, derlemeler ve kullan\u0131c\u0131 d\u0131\u015f\u0131 i\u00e7erik dahil olmak \u00fczere Web Sitesi bize veya lisans verenlerimize aittir ve fikri m\u00fclkiyet ve haks\u0131z rekabet yasalar\u0131 taraf\u0131ndan korunmaktad\u0131r.<\/p>\n\n<p>Bu Ko\u015fullarda a\u00e7\u0131k\u00e7a izin verilmedik\u00e7e, Web Sitesinin herhangi bir b\u00f6l\u00fcm\u00fcn\u00fc kopyalayamaz, de\u011fi\u015ftiremez, da\u011f\u0131tamaz, satamaz, kiralayamaz, lisanslayamaz, \u00e7er\u00e7eveleyemez, yans\u0131tamaz, yeniden yay\u0131nlayamaz, iletemez, \u00e7eviremez, kaynak koda d\u00f6n\u00fc\u015ft\u00fcremez veya t\u00fcrev \u00e7al\u0131\u015fmalar olu\u015fturamazs\u0131n\u0131z.<\/p>\n\n<p><strong>13. Para iadeleri ve iptaller<\/strong><\/p>\n\n<p>Geri \u00f6demeler, iptaller ve dijital i\u00e7erik, dijital hizmetler ve \u00f6n \u00f6demeli krediler\/tokenlar i\u00e7in ge\u00e7erli t\u00fcketici cayma haklar\u0131, zaman zaman Web Sitesinde yay\u0131nlanan Geri \u00d6deme Politikam\u0131za tabidir. Dijital teslimat veya performans\u0131n \u00f6nceden a\u00e7\u0131k izniniz ve onay\u0131n\u0131zla ba\u015flad\u0131\u011f\u0131 durumlarda, iptal ve iade haklar\u0131n\u0131z yasalar\u0131n izin verdi\u011fi \u00f6l\u00e7\u00fcde s\u0131n\u0131rland\u0131r\u0131labilir veya ortadan kald\u0131r\u0131labilir. <\/p>\n\n<p><strong>14. Ask\u0131ya alma, reddetme ve fesih<\/strong><\/p>\n\n<p>Web Sitesini, kullan\u0131c\u0131lar\u0131, \u00fc\u00e7\u00fcnc\u00fc taraflar\u0131 veya kendimizi korumak i\u00e7in makul \u00f6l\u00e7\u00fcde gerekli oldu\u011funda, Web Sitesine eri\u015fiminizi ask\u0131ya alabilir, k\u0131s\u0131tlayabilir veya sonland\u0131rabilir, sipari\u015fleri iptal edebilir, kullan\u0131lmayan kredileri\/jetonlar\u0131 incelenmek \u00fczere dondurabilir veya indirmeleri devre d\u0131\u015f\u0131 b\u0131rakabiliriz.<\/p>\n\n<ul class=\"wp-block-list\">\n<li>Buna \u015f\u00fcpheli doland\u0131r\u0131c\u0131l\u0131k, \u00f6deme anla\u015fmazl\u0131klar\u0131, ters ibrazlar, k\u00f6t\u00fcye kullan\u0131m, yasa d\u0131\u015f\u0131 faaliyet, yapt\u0131r\u0131mlara maruz kalma, fikri m\u00fclkiyet \u015fikayetleri, a\u015f\u0131r\u0131 teknik y\u00fck, g\u00fcvenlik endi\u015feleri veya bu \u015eartlar\u0131n ihlali dahildir.<\/li>\n\n\n\n<li>Fesih veya ask\u0131ya alma, tahakkuk eden haklar\u0131, \u00f6deme y\u00fck\u00fcml\u00fcl\u00fcklerini veya haklar\u0131m\u0131z\u0131 soru\u015fturma veya uygulama kabiliyetimizi etkilemez.<\/li>\n<\/ul>\n\n<p><strong>15. Yasal Uyar\u0131lar<\/strong><\/p>\n\n<p>Web sitesi ve t\u00fcm \u00fcr\u00fcn ve hizmetler, yasalar\u0131n izin verdi\u011fi en geni\u015f \u00f6l\u00e7\u00fcde oldu\u011fu gibi ve mevcut oldu\u011fu \u015fekilde sa\u011flanmaktad\u0131r. Kesintisiz kullan\u0131labilirlik, hatas\u0131z \u00e7al\u0131\u015fma, m\u00fckemmel \u00e7\u0131kt\u0131 kalitesi, belirli bir yarat\u0131c\u0131 veya ticari amaca uygunluk veya her cihaz, i\u015f ak\u0131\u015f\u0131, format veya a\u015fa\u011f\u0131 ak\u0131\u015f platformuyla uyumluluk garantisi vermiyoruz. <\/p>\n\n<p>Yapay zeka taraf\u0131ndan \u00fcretilen \u00e7\u0131kt\u0131lar yanl\u0131\u015fl\u0131klar, eserler, beklenmedik benzerlikler, stilistik tutars\u0131zl\u0131klar veya yasal olarak hassas unsurlar i\u00e7erebilir. \u00c7\u0131kt\u0131lar\u0131 yay\u0131nlamadan, da\u011f\u0131tmadan, lisanslamadan, reklam\u0131n\u0131 yapmadan veya bunlara ba\u015fka bir \u015fekilde g\u00fcvenmeden \u00f6nce g\u00f6zden ge\u00e7irmekten yaln\u0131zca siz sorumlusunuz. <\/p>\n\n<p><strong>16. Sorumlulu\u011fun s\u0131n\u0131rland\u0131r\u0131lmas\u0131<\/strong><\/p>\n\n<p>Bu Ko\u015fullarda yer alan hi\u00e7bir h\u00fck\u00fcm, ihmal, doland\u0131r\u0131c\u0131l\u0131k, hileli yanl\u0131\u015f beyan veya y\u00fcr\u00fcrl\u00fckteki yasalar uyar\u0131nca hari\u00e7 tutulamayacak di\u011fer y\u00fck\u00fcml\u00fcl\u00fcklerin neden oldu\u011fu \u00f6l\u00fcm veya ki\u015fisel yaralanma sorumlulu\u011fu da dahil olmak \u00fczere, hari\u00e7 tutman\u0131n veya s\u0131n\u0131rlaman\u0131n yasa d\u0131\u015f\u0131 oldu\u011fu durumlarda sorumlulu\u011fu hari\u00e7 tutmaz veya s\u0131n\u0131rlamaz.<\/p>\n\n<p>Yukar\u0131daki paragrafa tabi olarak, Web Sitesinden veya bu \u015eartlardan kaynaklanan veya bunlarla ba\u011flant\u0131l\u0131 olarak ortaya \u00e7\u0131kan herhangi bir dolayl\u0131, ar\u0131zi, \u00f6zel, cezai, \u00f6rnek veya sonu\u00e7 olarak ortaya \u00e7\u0131kan kay\u0131ptan veya kar, gelir, iyi niyet, i\u015f f\u0131rsat\u0131, beklenen tasarruf, veri, itibar veya s\u00f6zle\u015fme kayb\u0131ndan sorumlu olmayaca\u011f\u0131z.<\/p>\n\n<p>Yukar\u0131daki zorunlu kanuni istisnalara tabi olarak, Web Sitesinden veya bu \u015eartlardan kaynaklanan veya bunlarla ba\u011flant\u0131l\u0131 olarak ortaya \u00e7\u0131kan t\u00fcm talepler i\u00e7in size kar\u015f\u0131 toplam sorumlulu\u011fumuz, sorumlulu\u011fa yol a\u00e7an olaydan \u00f6nceki 12 ay boyunca talebe neden olan ilgili \u00fcr\u00fcn veya hizmet i\u00e7in taraf\u0131n\u0131zdan bize fiilen \u00f6denen toplam tutar\u0131 a\u015fmayacakt\u0131r.<\/p>\n\n<p><strong>17. Tazminat<\/strong><\/p>\n\n<p>XOR SOLUTIONS LIMITED&#8217;i, yetkililerini, \u00e7al\u0131\u015fanlar\u0131n\u0131, y\u00fcklenicilerini ve lisans verenlerini, Web Sitesini k\u00f6t\u00fcye kullanman\u0131zdan, bu Ko\u015fullar\u0131 ihlal etmenizden, yasa d\u0131\u015f\u0131 istemlerinizden veya materyallerinizden veya \u00fc\u00e7\u00fcnc\u00fc taraf haklar\u0131n\u0131 ihlal etmenizden kaynaklanan taleplere, y\u00fck\u00fcml\u00fcl\u00fcklere, kay\u0131plara, zararlara ve makul maliyetlere kar\u015f\u0131 tazmin etmeyi ve zarars\u0131z tutmay\u0131 kabul edersiniz.<\/p>\n\n<p><strong>18. Gizlilik ve \u00e7erezler<\/strong><\/p>\n\n<p>Ki\u015fisel verileri toplamam\u0131z ve kullanmam\u0131z Gizlilik Politikam\u0131za tabidir. Web sitesi ayr\u0131ca \u00c7erez Politikam\u0131zda a\u00e7\u0131kland\u0131\u011f\u0131 gibi \u00e7erezleri ve benzer teknolojileri kullanabilir. <\/p>\n\n<p><strong>19. \u00dc\u00e7\u00fcnc\u00fc taraf hizmetleri<\/strong><\/p>\n\n<p>Web Sitesi, \u00fc\u00e7\u00fcnc\u00fc taraf bar\u0131nd\u0131rma, \u00f6deme i\u015fleme, analiz, i\u00e7erik sunumu, AI altyap\u0131s\u0131, ileti\u015fim veya g\u00fcvenlik hizmetlerini entegre edebilir veya bunlara g\u00fcvenebilir. Yasalar\u0131n gerektirdi\u011fi durumlar haricinde \u00fc\u00e7\u00fcnc\u00fc taraf web sitelerinden, ara\u00e7lar\u0131ndan veya politikalar\u0131ndan sorumlu de\u011filiz. <\/p>\n\n<p><strong>20. M\u00fccbir sebepler<\/strong><\/p>\n\n<p>\u0130nternet kesintileri, siber olaylar, tedarik\u00e7i ar\u0131zas\u0131, AI hizmet kesintisi, bulut altyap\u0131s\u0131 sorunlar\u0131, \u00f6deme a\u011f\u0131 kesintisi, i\u015f anla\u015fmazl\u0131klar\u0131, h\u00fck\u00fcmet eylemleri veya do\u011fal afetler dahil olmak \u00fczere makul kontrol\u00fcm\u00fcz d\u0131\u015f\u0131ndaki olaylardan kaynaklanan gecikme veya ar\u0131zalardan sorumlu de\u011filiz.<\/p>\n\n<p><strong>21. Web Sitesinde veya Bu Ko\u015fullarda Yap\u0131lan De\u011fi\u015fiklikler<\/strong><\/p>\n\n<p>Web Sitesini, \u00fcr\u00fcn katalo\u011funu, fiyatland\u0131rmay\u0131, teknik \u00f6zellikleri ve bu \u015eartlar\u0131 zaman zaman g\u00fcncelleyebiliriz. En son s\u00fcr\u00fcm, g\u00fcncellenmi\u015f bir y\u00fcr\u00fcrl\u00fck tarihi ile Web Sitesinde yay\u0131nlanacakt\u0131r. G\u00fcncellenen \u015eartlar y\u00fcr\u00fcrl\u00fc\u011fe girdikten sonra Web Sitesinin kullan\u0131lmaya devam edilmesi, revize edilen \u015eartlar\u0131n kabul edildi\u011fi anlam\u0131na gelir.  <\/p>\n\n<p><strong>22. Genel h\u00fck\u00fcmler<\/strong><\/p>\n\n<ul class=\"wp-block-list\">\n<li>Bu \u015eartlar\u0131n herhangi bir h\u00fckm\u00fcn\u00fcn ge\u00e7ersiz veya uygulanamaz oldu\u011funa karar verilirse, geri kalan h\u00fck\u00fcmler tam olarak y\u00fcr\u00fcrl\u00fckte kal\u0131r.<\/li>\n\n\n\n<li>Herhangi bir h\u00fckm\u00fc uygulamamam\u0131z, bu h\u00fck\u00fcmden veya ba\u015fka bir haktan feragat etti\u011fimiz anlam\u0131na gelmez.<\/li>\n\n\n\n<li>\u00d6nceden yaz\u0131l\u0131 iznimiz olmadan bu Ko\u015fullar kapsam\u0131ndaki haklar\u0131n\u0131z\u0131 veya y\u00fck\u00fcml\u00fcl\u00fcklerinizi devredemez veya aktaramazs\u0131n\u0131z. Bir i\u015f devri, yeniden yap\u0131land\u0131rma veya d\u0131\u015f kaynak kullan\u0131m\u0131 d\u00fczenlemesinin bir par\u00e7as\u0131 olarak haklar\u0131m\u0131z\u0131 ve y\u00fck\u00fcml\u00fcl\u00fcklerimizi devredebiliriz. <\/li>\n\n\n\n<li>Bu Ko\u015fullar, ayr\u0131 bir yaz\u0131l\u0131 anla\u015fman\u0131n a\u00e7\u0131k\u00e7a ge\u00e7erli oldu\u011fu durumlar d\u0131\u015f\u0131nda, Web Sitesi ile ilgili olarak sizinle aram\u0131zdaki anla\u015fman\u0131n tamam\u0131n\u0131 olu\u015fturur.<\/li>\n<\/ul>\n\n<p><strong>23. Ge\u00e7erli hukuk ve yarg\u0131 yetkisi<\/strong><\/p>\n\n<p>Bu Ko\u015fullar ve bunlardan kaynaklanan veya bunlarla ba\u011flant\u0131l\u0131 olarak ortaya \u00e7\u0131kan s\u00f6zle\u015fme d\u0131\u015f\u0131 y\u00fck\u00fcml\u00fcl\u00fckler, ikamet etti\u011finiz \u00fclkenin zorunlu t\u00fcketici koruma yasalar\u0131n\u0131n ge\u00e7erli oldu\u011fu ve s\u00f6zle\u015fme ile hari\u00e7 tutulamad\u0131\u011f\u0131 durumlar haricinde, \u0130ngiltere ve Galler yasalar\u0131na tabidir.<\/p>\n\n<p>\u0130ngiltere ve Galler mahkemeleri, yarg\u0131 b\u00f6lgenizdeki zorunlu yasalar size ba\u015fka bir yerde dava a\u00e7ma hakk\u0131 vermedi\u011fi s\u00fcrece, bu Ko\u015fullardan kaynaklanan veya bunlarla ba\u011flant\u0131l\u0131 olarak ortaya \u00e7\u0131kan anla\u015fmazl\u0131klar \u00fczerinde m\u00fcnhas\u0131r yarg\u0131 yetkisine sahip olacakt\u0131r.<\/p>\n\n<p><strong>24. \u0130leti\u015fim<\/strong><\/p>\n\n<p>Bu Ko\u015fullarla ilgili sorular, \u015fikayetler, yasal bildirimler ve destek talepleri info@image-spot.com adresine g\u00f6nderilebilir.<\/p>\n","protected":false},"excerpt":{"rendered":"<p>ImageSpot(image-spot.com) T\u00fczel ki\u015filik XOR SOLUTIONS LIMITED\u015eirket No. 15744696Kay\u0131tl\u0131 ofis: Daire 44 Ennerdale House, 121 Hamlets Way, Londra, \u0130ngiltere, E3 4TY Web sitesi image-spot.comDestek e-postas\u0131: info@image-spot.com\u00dcr\u00fcnler: Yapay zeka taraf\u0131ndan \u00fcretilen dijital g\u00f6r\u00fcnt\u00fcler ve \u00f6n \u00f6demeli \u00fcretim kredileri\/tokenlar\u0131 Y\u00fcr\u00fcrl\u00fck tarihi: 11 Mart 2026S\u00fcr\u00fcm: Web Sitesi Yasal Paketi &#8211; Dok\u00fcman 1 Bu belge, Web Sitesinin kullan\u0131m\u0131n\u0131, AI taraf\u0131ndan [&hellip;]<\/p>\n","protected":false},"author":1,"featured_media":0,"parent":0,"menu_order":0,"comment_status":"closed","ping_status":"closed","template":"","meta":{"footnotes":""},"class_list":["post-30461","page","type-page","status-publish","hentry"],"_links":{"self":[{"href":"https:\/\/image-spot.com\/tr\/wp-json\/wp\/v2\/pages\/30461","targetHints":{"allow":["GET"]}}],"collection":[{"href":"https:\/\/image-spot.com\/tr\/wp-json\/wp\/v2\/pages"}],"about":[{"href":"https:\/\/image-spot.com\/tr\/wp-json\/wp\/v2\/types\/page"}],"author":[{"embeddable":true,"href":"https:\/\/image-spot.com\/tr\/wp-json\/wp\/v2\/users\/1"}],"replies":[{"embeddable":true,"href":"https:\/\/image-spot.com\/tr\/wp-json\/wp\/v2\/comments?post=30461"}],"version-history":[{"count":3,"href":"https:\/\/image-spot.com\/tr\/wp-json\/wp\/v2\/pages\/30461\/revisions"}],"predecessor-version":[{"id":37004,"href":"https:\/\/image-spot.com\/tr\/wp-json\/wp\/v2\/pages\/30461\/revisions\/37004"}],"wp:attachment":[{"href":"https:\/\/image-spot.com\/tr\/wp-json\/wp\/v2\/media?parent=30461"}],"curies":[{"name":"wp","href":"https:\/\/api.w.org\/{rel}","templated":true}]}}