{"id":26328,"date":"2025-10-18T06:03:02","date_gmt":"2025-10-18T06:03:02","guid":{"rendered":"http:\/\/image-spot.com\/olusturmak\/"},"modified":"2025-10-23T10:59:05","modified_gmt":"2025-10-23T10:59:05","slug":"olusturmak","status":"publish","type":"page","link":"https:\/\/image-spot.com\/tr\/olusturmak\/","title":{"rendered":"Olu\u015fturmak"},"content":{"rendered":"\t\t<div data-elementor-type=\"wp-page\" data-elementor-id=\"26328\" class=\"elementor elementor-26328 elementor-17431\" data-elementor-post-type=\"page\">\n\t\t\t\t<div class=\"elementor-element elementor-element-dfa324b e-flex e-con-boxed e-con e-parent \" data-id=\"dfa324b\" data-element_type=\"container\" data-settings=\"{&quot;background_background&quot;:&quot;classic&quot;}\">\t\t\t<div class=\"e-con-inner\">\r\n\t\t<div class=\"elementor-element elementor-element-ed0ed8c e-con-full e-flex e-con e-child \" data-id=\"ed0ed8c\" data-element_type=\"container\" data-settings=\"{&quot;background_background&quot;:&quot;classic&quot;}\">\t\t<div class=\"elementor-element elementor-element-1ed6f65 elementor-widget elementor-widget-pxl_heading\" data-id=\"1ed6f65\" data-element_type=\"widget\" data-widget_type=\"pxl_heading.default\">\n\t\t\t\t<div class=\"elementor-widget-container\">\n\t\t\t\t\t\r\n<div id=\"pxl-pxl_heading-1ed6f65-3777\" class=\"pxl-heading \" data-animation-type=\"df\">\r\n\t<div class=\"pxl-heading__inner\">\r\n\t\t\t\r\n\t\t<h1 class=\"pxl-heading__title pxl-heading__style-default pxl-heading__highlight-default wow skewIn df\" data-wow-delay=\"ms\" >\r\n\t\t<span class=\"pxl-heading__text  \">\r\n\t\t\t\r\n\t\t\t\t\t\t\tFikirlerinizi Sanata D\u00f6n\u00fc\u015ft\u00fcr\u00fcn. <br>An\u0131nda.\t\r\n\t\t\t\t\r\n\t\t\t\r\n\t\t<\/span>\r\n\t\t<\/h1>\r\n\t<\/div>\r\n\t\r\n<\/div>\t\t\t\t<\/div>\n\t\t\t\t<\/div>\n\t\t\t\t<div class=\"elementor-element elementor-element-abac9cb elementor-widget elementor-widget-pxl_text_editor\" data-id=\"abac9cb\" data-element_type=\"widget\" data-widget_type=\"pxl_text_editor.default\">\n\t\t\t\t<div class=\"elementor-widget-container\">\n\t\t\t\t\t<div class=\"pxl-text-editor\">\n\t<div class=\"pxl-text-editor__inner \" data-wow-delay=\"ms\" >\n\t\t<p>\u00d6zel bir resim olu\u015fturmak i\u00e7in a\u015fa\u011f\u0131daki isteminizi girin veya g\u00f6z al\u0131c\u0131 sanat eserlerinden olu\u015fan \u00f6zenle se\u00e7ilmi\u015f koleksiyonumuza g\u00f6z at\u0131n.<\/p>\t\t\n\t<\/div>\n<\/div>\t\t\t\t<\/div>\n\t\t\t\t<\/div>\n\t\t\t\t<div class=\"elementor-element elementor-element-fe2ea49 elementor-widget elementor-widget-shortcode\" data-id=\"fe2ea49\" data-element_type=\"widget\" data-widget_type=\"shortcode.default\">\n\t\t\t\t\t\t\t<div class=\"elementor-shortcode\"><div style=\"margin:0 auto; text-align:center;\">\n<p>Bakiye g\u00f6r\u00fcnt\u00fclemek i\u00e7in <a style=\"color:red;\" href=\"\/tr\/my-account\/\">giri\u015f yap\u0131n<\/a> veya <a style=\"color:red;\" href=\"\/tr\/my-account\/\">kay\u0131t olun<\/a>.<\/p>\n<\/div><\/div>\n\t\t\t\t\t\t<\/div>\n\t\t\t\t<div class=\"elementor-element elementor-element-f8fdef5 elementor-widget elementor-widget-pxl_text_editor\" data-id=\"f8fdef5\" data-element_type=\"widget\" data-widget_type=\"pxl_text_editor.default\">\n\t\t\t\t<div class=\"elementor-widget-container\">\n\t\t\t\t\t<div class=\"pxl-text-editor\">\n\t<div class=\"pxl-text-editor__inner \" data-wow-delay=\"ms\" >\n\t\t<p>*C\u00fczdan\u0131n\u0131zda 1 Kredi gerektirir. <a href=\"\/tr\/credits\">Bakiyenize para y\u00fckleyin<\/a><\/p>\t\t\n\t<\/div>\n<\/div>\t\t\t\t<\/div>\n\t\t\t\t<\/div>\n\t\t\t\t<div class=\"elementor-element elementor-element-729afae elementor-widget__width-inherit elementor-widget elementor-widget-shortcode\" data-id=\"729afae\" data-element_type=\"widget\" data-widget_type=\"shortcode.default\">\n\t\t\t\t\t\t\t<div class=\"elementor-shortcode\"><div class='mwai-chatbot-container' data-params='{&quot;aiName&quot;:&quot;AI: &quot;,&quot;userName&quot;:&quot;User: &quot;,&quot;guestName&quot;:&quot;Guest:&quot;,&quot;aiAvatar&quot;:true,&quot;aiAvatarUrl&quot;:&quot;chat-robot-1.svg&quot;,&quot;textSend&quot;:&quot;Send&quot;,&quot;textClear&quot;:&quot;Clear&quot;,&quot;imageUpload&quot;:false,&quot;fileUpload&quot;:false,&quot;multiUpload&quot;:false,&quot;maxUploads&quot;:1,&quot;fileUploads&quot;:0,&quot;mode&quot;:&quot;images&quot;,&quot;textInputPlaceholder&quot;:&quot;Type your message...&quot;,&quot;textInputMaxLength&quot;:512,&quot;textCompliance&quot;:&quot;&quot;,&quot;startSentence&quot;:&quot;Describe your custom image...&quot;,&quot;localMemory&quot;:true,&quot;themeId&quot;:&quot;chatgpt&quot;,&quot;window&quot;:false,&quot;icon&quot;:&quot;&quot;,&quot;iconText&quot;:&quot;&quot;,&quot;iconTextDelay&quot;:1,&quot;iconAlt&quot;:&quot;AI Engine Chatbot&quot;,&quot;iconPosition&quot;:&quot;bottom-right&quot;,&quot;centerOpen&quot;:false,&quot;width&quot;:&quot;&quot;,&quot;openDelay&quot;:&quot;&quot;,&quot;iconBubble&quot;:false,&quot;windowAnimation&quot;:&quot;zoom&quot;,&quot;fullscreen&quot;:false,&quot;copyButton&quot;:true,&quot;headerSubtitle&quot;:&quot;Discuss with&quot;,&quot;containerType&quot;:&quot;standard&quot;,&quot;headerType&quot;:&quot;standard&quot;,&quot;messagesType&quot;:&quot;standard&quot;,&quot;inputType&quot;:&quot;standard&quot;,&quot;footerType&quot;:&quot;standard&quot;}' data-system='{&quot;botId&quot;:&quot;default&quot;,&quot;customId&quot;:&quot;fde287bb46df6540e937d4c9a855c8be&quot;,&quot;userData&quot;:null,&quot;sessionId&quot;:&quot;69e19fbc6a9d6&quot;,&quot;restNonce&quot;:null,&quot;contextId&quot;:26328,&quot;pluginUrl&quot;:&quot;https:\\\/\\\/image-spot.com\\\/wp-content\\\/plugins\\\/ai-engine\\\/&quot;,&quot;restUrl&quot;:&quot;https:\\\/\\\/image-spot.com\\\/tr\\\/wp-json&quot;,&quot;stream&quot;:true,&quot;debugMode&quot;:false,&quot;eventLogs&quot;:false,&quot;speech_recognition&quot;:false,&quot;speech_synthesis&quot;:false,&quot;typewriter&quot;:false,&quot;crossSite&quot;:false,&quot;actions&quot;:[],&quot;blocks&quot;:[],&quot;shortcuts&quot;:[]}' data-theme='{&quot;type&quot;:&quot;internal&quot;,&quot;name&quot;:&quot;ChatGPT&quot;,&quot;themeId&quot;:&quot;chatgpt&quot;,&quot;settings&quot;:[],&quot;style&quot;:&quot;&quot;}'><\/div><\/div>\n\t\t\t\t\t\t<\/div>\n\t\t\t\t<\/div>\r\n\t\t\t\t\t<\/div>\r\n\t\t\t\t<\/div>\r\n\t\t\t\t<\/div>\n\t\t","protected":false},"excerpt":{"rendered":"<p>Fikirlerinizi Sanata D\u00f6n\u00fc\u015ft\u00fcr\u00fcn. An\u0131nda. \u00d6zel bir resim olu\u015fturmak i\u00e7in a\u015fa\u011f\u0131daki isteminizi girin veya g\u00f6z al\u0131c\u0131 sanat eserlerinden olu\u015fan \u00f6zenle se\u00e7ilmi\u015f koleksiyonumuza g\u00f6z at\u0131n. *C\u00fczdan\u0131n\u0131zda 1 Kredi gerektirir. Bakiyenize para y\u00fckleyin<\/p>\n","protected":false},"author":1,"featured_media":0,"parent":0,"menu_order":0,"comment_status":"closed","ping_status":"closed","template":"","meta":{"footnotes":""},"class_list":["post-26328","page","type-page","status-publish","hentry"],"_links":{"self":[{"href":"https:\/\/image-spot.com\/tr\/wp-json\/wp\/v2\/pages\/26328","targetHints":{"allow":["GET"]}}],"collection":[{"href":"https:\/\/image-spot.com\/tr\/wp-json\/wp\/v2\/pages"}],"about":[{"href":"https:\/\/image-spot.com\/tr\/wp-json\/wp\/v2\/types\/page"}],"author":[{"embeddable":true,"href":"https:\/\/image-spot.com\/tr\/wp-json\/wp\/v2\/users\/1"}],"replies":[{"embeddable":true,"href":"https:\/\/image-spot.com\/tr\/wp-json\/wp\/v2\/comments?post=26328"}],"version-history":[{"count":10,"href":"https:\/\/image-spot.com\/tr\/wp-json\/wp\/v2\/pages\/26328\/revisions"}],"predecessor-version":[{"id":30404,"href":"https:\/\/image-spot.com\/tr\/wp-json\/wp\/v2\/pages\/26328\/revisions\/30404"}],"wp:attachment":[{"href":"https:\/\/image-spot.com\/tr\/wp-json\/wp\/v2\/media?parent=26328"}],"curies":[{"name":"wp","href":"https:\/\/api.w.org\/{rel}","templated":true}]}}