{"id":26319,"date":"2025-10-20T08:23:44","date_gmt":"2025-10-20T08:23:44","guid":{"rendered":"http:\/\/image-spot.com\/sss\/"},"modified":"2025-10-22T11:25:45","modified_gmt":"2025-10-22T11:25:45","slug":"sss","status":"publish","type":"page","link":"https:\/\/image-spot.com\/tr\/sss\/","title":{"rendered":"SSS"},"content":{"rendered":"\t\t<div data-elementor-type=\"wp-page\" data-elementor-id=\"26319\" class=\"elementor elementor-26319 elementor-23418\" data-elementor-post-type=\"page\">\n\t\t\t\t<div class=\"elementor-element elementor-element-ba27efe e-flex e-con-boxed e-con e-parent \" data-id=\"ba27efe\" data-element_type=\"container\">\t\t\t<div class=\"e-con-inner\">\r\n\t\t\t\t<div class=\"elementor-element elementor-element-aa7631c elementor-widget elementor-widget-pxl_accordion\" data-id=\"aa7631c\" data-element_type=\"widget\" data-widget_type=\"pxl_accordion.default\">\n\t\t\t\t<div class=\"elementor-widget-container\">\n\t\t\t\t\t    <div class=\"pxl-accordion pxl-accordion--layout-2 \" data-wow-delay=\"ms\" >\r\n                    <div class=\"pxl-accordion__item active\">\r\n                <h5 class=\"pxl-accordion__item-title\" data-target=\"#pxl_accordion-aa7631c-5580-c7a40fa\">\r\n                    <span class=\"pxl-accordion__item-text\">Yapay zeka ile \u00fcretilen sanat nedir?<\/span>\r\n                    <span class=\"pxl-accordion__item-action\"><\/span>\r\n                <\/h5>\r\n                <div id=\"pxl_accordion-aa7631c-5580-c7a40fa\" class=\"pxl-accordion__item-content\" style=\"display: block;\">\r\n                    Yapay zeka taraf\u0131ndan \u00fcretilen sanat, kullan\u0131c\u0131 girdisine veya belirli parametrelere dayal\u0131 olarak benzersiz ve y\u00fcksek kaliteli g\u00f6rseller \u00fcretmek i\u00e7in verileri, desenleri ve makine \u00f6\u011frenimini kullanan yapay zeka algoritmalar\u0131 taraf\u0131ndan olu\u015fturulan g\u00f6rsel i\u00e7eriktir.                                                        <\/div>\r\n            <\/div>\r\n                    <div class=\"pxl-accordion__item \">\r\n                <h5 class=\"pxl-accordion__item-title\" data-target=\"#pxl_accordion-aa7631c-5580-7226823\">\r\n                    <span class=\"pxl-accordion__item-text\">Platformunuzu nas\u0131l kullanabilirim?<\/span>\r\n                    <span class=\"pxl-accordion__item-action\"><\/span>\r\n                <\/h5>\r\n                <div id=\"pxl_accordion-aa7631c-5580-7226823\" class=\"pxl-accordion__item-content\" >\r\n                    Tercih etti\u011finiz stili se\u00e7in, ihtiya\u00e7lar\u0131n\u0131za g\u00f6re \u00f6zelle\u015ftirin ve g\u00f6rseli sat\u0131n al\u0131n. \u00d6demeniz tamamland\u0131ktan sonra, y\u00fcksek kaliteli g\u00f6rselinizi an\u0131nda indirebilirsiniz. Teknik beceri gerektirmeden h\u0131zl\u0131 ve kolayd\u0131r!                                                        <\/div>\r\n            <\/div>\r\n                    <div class=\"pxl-accordion__item \">\r\n                <h5 class=\"pxl-accordion__item-title\" data-target=\"#pxl_accordion-aa7631c-5580-0919477\">\r\n                    <span class=\"pxl-accordion__item-text\">G\u00f6rselleri ticari olarak kullanabilir miyim?<\/span>\r\n                    <span class=\"pxl-accordion__item-action\"><\/span>\r\n                <\/h5>\r\n                <div id=\"pxl_accordion-aa7631c-5580-0919477\" class=\"pxl-accordion__item-content\" >\r\n                    Evet, platformumuz arac\u0131l\u0131\u011f\u0131yla olu\u015fturdu\u011funuz t\u00fcm g\u00f6rseller ticari kullan\u0131m i\u00e7in tamamen lisansl\u0131d\u0131r, bu sayede bunlar\u0131 pazarlama materyallerinizde, web sitelerinizde, sosyal medyada ve daha bir\u00e7ok alanda g\u00fcvenle kullanabilirsiniz.                                                        <\/div>\r\n            <\/div>\r\n                    <div class=\"pxl-accordion__item \">\r\n                <h5 class=\"pxl-accordion__item-title\" data-target=\"#pxl_accordion-aa7631c-5580-512a7c5\">\r\n                    <span class=\"pxl-accordion__item-text\">Ya sonu\u00e7tan ho\u015flanmazsam?<\/span>\r\n                    <span class=\"pxl-accordion__item-action\"><\/span>\r\n                <\/h5>\r\n                <div id=\"pxl_accordion-aa7631c-5580-512a7c5\" class=\"pxl-accordion__item-content\" >\r\n                    %100 memnuniyet hedefliyoruz. Olu\u015fturulan g\u00f6r\u00fcnt\u00fcden memnun kalmazsan\u0131z, d\u00fczeltmeler i\u00e7in destek ekibimizle ileti\u015fime ge\u00e7ebilir veya farkl\u0131 ayarlarla yeni bir g\u00f6r\u00fcnt\u00fc olu\u015fturmay\u0131 deneyebilirsiniz.                                                        <\/div>\r\n            <\/div>\r\n                    <div class=\"pxl-accordion__item \">\r\n                <h5 class=\"pxl-accordion__item-title\" data-target=\"#pxl_accordion-aa7631c-5580-4b77842\">\r\n                    <span class=\"pxl-accordion__item-text\">Abonelik veya \u00fcyelik \u00fccreti var m\u0131?<\/span>\r\n                    <span class=\"pxl-accordion__item-action\"><\/span>\r\n                <\/h5>\r\n                <div id=\"pxl_accordion-aa7631c-5580-4b77842\" class=\"pxl-accordion__item-content\" >\r\n                    \u0130ndirme ba\u015f\u0131na \u00f6deme modelimiz sayesinde yaln\u0131zca ihtiyac\u0131n\u0131z olan g\u00f6rseller i\u00e7in \u00f6deme yapars\u0131n\u0131z. Kredi kart\u0131n\u0131z\u0131 kullanarak hesap bakiyenize para ekleyebilir ve ard\u0131ndan bu bakiyeyi g\u00f6rsel sat\u0131n almak i\u00e7in kullanabilirsiniz.                                                        <\/div>\r\n            <\/div>\r\n            <\/div>\r\n\t\t\t\t<\/div>\n\t\t\t\t<\/div>\n\t\t\t\t\t<\/div>\r\n\t\t\t\t<\/div>\r\n\t\t\t\t<\/div>\n\t\t","protected":false},"excerpt":{"rendered":"<p>Yapay zeka ile \u00fcretilen sanat nedir? Yapay zeka taraf\u0131ndan \u00fcretilen sanat, kullan\u0131c\u0131 girdisine veya belirli parametrelere dayal\u0131 olarak benzersiz ve y\u00fcksek kaliteli g\u00f6rseller \u00fcretmek i\u00e7in verileri, desenleri ve makine \u00f6\u011frenimini kullanan yapay zeka algoritmalar\u0131 taraf\u0131ndan olu\u015fturulan g\u00f6rsel i\u00e7eriktir. Platformunuzu nas\u0131l kullanabilirim? Tercih etti\u011finiz stili se\u00e7in, ihtiya\u00e7lar\u0131n\u0131za g\u00f6re \u00f6zelle\u015ftirin ve g\u00f6rseli sat\u0131n al\u0131n. \u00d6demeniz tamamland\u0131ktan sonra, [&hellip;]<\/p>\n","protected":false},"author":1,"featured_media":0,"parent":0,"menu_order":0,"comment_status":"closed","ping_status":"closed","template":"","meta":{"footnotes":""},"class_list":["post-26319","page","type-page","status-publish","hentry"],"_links":{"self":[{"href":"https:\/\/image-spot.com\/tr\/wp-json\/wp\/v2\/pages\/26319","targetHints":{"allow":["GET"]}}],"collection":[{"href":"https:\/\/image-spot.com\/tr\/wp-json\/wp\/v2\/pages"}],"about":[{"href":"https:\/\/image-spot.com\/tr\/wp-json\/wp\/v2\/types\/page"}],"author":[{"embeddable":true,"href":"https:\/\/image-spot.com\/tr\/wp-json\/wp\/v2\/users\/1"}],"replies":[{"embeddable":true,"href":"https:\/\/image-spot.com\/tr\/wp-json\/wp\/v2\/comments?post=26319"}],"version-history":[{"count":4,"href":"https:\/\/image-spot.com\/tr\/wp-json\/wp\/v2\/pages\/26319\/revisions"}],"predecessor-version":[{"id":26364,"href":"https:\/\/image-spot.com\/tr\/wp-json\/wp\/v2\/pages\/26319\/revisions\/26364"}],"wp:attachment":[{"href":"https:\/\/image-spot.com\/tr\/wp-json\/wp\/v2\/media?parent=26319"}],"curies":[{"name":"wp","href":"https:\/\/api.w.org\/{rel}","templated":true}]}}