{"id":26314,"date":"2025-10-20T13:53:50","date_gmt":"2025-10-20T13:53:50","guid":{"rendered":"http:\/\/image-spot.com\/bakim\/"},"modified":"2026-03-09T13:20:06","modified_gmt":"2026-03-09T13:20:06","slug":"bakim","status":"publish","type":"page","link":"https:\/\/image-spot.com\/tr\/bakim\/","title":{"rendered":"Bak\u0131m"},"content":{"rendered":"\t\t<div data-elementor-type=\"wp-page\" data-elementor-id=\"26314\" class=\"elementor elementor-26314 elementor-23550\" data-elementor-post-type=\"page\">\n\t\t\t\t<div class=\"elementor-element elementor-element-d0d23d1 e-flex e-con-boxed e-con e-parent \" data-id=\"d0d23d1\" data-element_type=\"container\">\t\t\t<div class=\"e-con-inner\">\r\n\t\t\t\t<div class=\"elementor-element elementor-element-deae25c elementor-widget elementor-widget-text-editor\" data-id=\"deae25c\" data-element_type=\"widget\" data-widget_type=\"text-editor.default\">\n\t\t\t\t\t\t\t\t\t<p>Bak\u0131m plan\u0131m\u0131z, yapay zeka olu\u015fturma deneyiminizin her zaman sorunsuz, g\u00fcvenli ve verimli bir \u015fekilde \u00e7al\u0131\u015fmas\u0131n\u0131 sa\u011flar.<\/p>\t\t\t\t\t\t\t\t<\/div>\n\t\t\t\t<div class=\"elementor-element elementor-element-bb5ce47 elementor-widget elementor-widget-text-editor\" data-id=\"bb5ce47\" data-element_type=\"widget\" data-widget_type=\"text-editor.default\">\n\t\t\t\t\t\t\t\t\t<p data-start=\"430\" data-end=\"681\">Aboneler yeni \u00f6zelliklere, sistem optimizasyonlar\u0131na ve ki\u015fiselle\u015ftirilmi\u015f teknik yard\u0131ma \u00f6ncelikli eri\u015fim hakk\u0131na sahiptir.<\/p>\t\t\t\t\t\t\t\t<\/div>\n\t\t\t\t<div class=\"elementor-element elementor-element-56e2ee7 elementor-widget elementor-widget-text-editor\" data-id=\"56e2ee7\" data-element_type=\"widget\" data-widget_type=\"text-editor.default\">\n\t\t\t\t\t\t\t\t\t<p data-start=\"430\" data-end=\"681\">D\u00fczenli olarak sunulan otomatik g\u00fcncellemeler, hata d\u00fczeltmeleri ve performans geli\u015ftirmeleri ile en \u00f6nemli \u015feye odaklanabilirsiniz &#8211; yaratmaya.<br data-start=\"814\" data-end=\"817\">Gerisini biz hallederiz.<\/p>\t\t\t\t\t\t\t\t<\/div>\n\t\t\t\t<div class=\"elementor-element elementor-element-936d4fb elementor-widget elementor-widget-text-editor\" data-id=\"936d4fb\" data-element_type=\"widget\" data-widget_type=\"text-editor.default\">\n\t\t\t\t\t\t\t\t\t<p data-start=\"430\" data-end=\"681\">D\u00fczenli olarak sunulan otomatik g\u00fcncellemeler, hata d\u00fczeltmeleri ve performans geli\u015ftirmeleri ile en \u00f6nemli \u015feye odaklanabilirsiniz &#8211; yaratmaya.<br data-start=\"814\" data-end=\"817\">Gerisini biz hallederiz.<\/p>\t\t\t\t\t\t\t\t<\/div>\n\t\t\t\t<div class=\"elementor-element elementor-element-a3f369b elementor-widget elementor-widget-text-editor\" data-id=\"a3f369b\" data-element_type=\"widget\" data-widget_type=\"text-editor.default\">\n\t\t\t\t\t\t\t\t\t<p data-start=\"840\" data-end=\"862\"><strong data-start=\"840\" data-end=\"860\">Ne Dahil?<\/strong><\/p><p data-start=\"865\" data-end=\"918\">\ud83d\udd04 D\u00fczenli sistem g\u00fcncellemeleri ve yapay zeka modeli iyile\u015ftirmeleri<\/p><p data-start=\"921\" data-end=\"973\">\u2699\ufe0f \u00d6ncelikli bak\u0131m ve performans izleme<\/p><p data-start=\"976\" data-end=\"1019\">\ud83e\udde0 Yeni ara\u00e7lara ve \u00f6zelliklere erken eri\u015fim<\/p><p data-start=\"1022\" data-end=\"1068\">\ud83d\udcac Aboneler i\u00e7in \u00f6zel destek kanal\u0131<\/p>\t\t\t\t\t\t\t\t<\/div>\n\t\t\t\t<div class=\"elementor-element elementor-element-aec756b elementor-widget elementor-widget-heading\" data-id=\"aec756b\" data-element_type=\"widget\" data-widget_type=\"heading.default\">\n\t\t\t\t\t<h6 class=\"elementor-heading-title elementor-size-default\">Yarat\u0131c\u0131 olun, desteklenmeye devam edin - b\u0131rak\u0131n teknolojiyle biz ilgilenelim.<\/h6>\t\t\t\t<\/div>\n\t\t\t\t\t<\/div>\r\n\t\t\t\t<\/div>\r\n\t\t<div class=\"elementor-element elementor-element-f689602 e-flex e-con-boxed e-con e-parent \" data-id=\"f689602\" data-element_type=\"container\">\t\t\t<div class=\"e-con-inner\">\r\n\t\t<div class=\"elementor-element elementor-element-5d47761 e-con-full e-flex e-con e-child \" data-id=\"5d47761\" data-element_type=\"container\">\t\t<div class=\"elementor-element elementor-element-d70c0b3 elementor-widget elementor-widget-heading\" data-id=\"d70c0b3\" data-element_type=\"widget\" data-widget_type=\"heading.default\">\n\t\t\t\t\t<h6 class=\"elementor-heading-title elementor-size-default\">Bak\u0131m plan\u0131m\u0131za kat\u0131lmaya haz\u0131r m\u0131s\u0131n\u0131z?\n<\/h6>\t\t\t\t<\/div>\n\t\t\t\t<div class=\"elementor-element elementor-element-34ce03d elementor-widget elementor-widget-text-editor\" data-id=\"34ce03d\" data-element_type=\"widget\" data-widget_type=\"text-editor.default\">\n\t\t\t\t\t\t\t\t\t<p data-start=\"0\" data-end=\"265\">Abone olmak ve AI-generation deneyiminizin en iyi \u015fekilde \u00e7al\u0131\u015fmas\u0131n\u0131 sa\u011flamak i\u00e7in a\u015fa\u011f\u0131daki formu doldurun.<br data-start=\"158\" data-end=\"161\">G\u00f6nderildikten sonra, ekibimiz plan ayr\u0131nt\u0131lar\u0131n\u0131z\u0131 onaylamak ve aboneli\u011finizi etkinle\u015ftirmek i\u00e7in sizinle ileti\u015fime ge\u00e7ecektir.<\/p><p data-start=\"267\" data-end=\"339\">G\u00fcncellemeler, \u00f6ncelikli destek ve sorunsuz performans ile bir ad\u0131m \u00f6nde olun.<\/p>\t\t\t\t\t\t\t\t<\/div>\n\t\t\t\t<\/div>\r\n\t\t<div class=\"elementor-element elementor-element-eba51e8 e-con-full e-flex e-con e-child \" data-id=\"eba51e8\" data-element_type=\"container\">\t\t<div class=\"elementor-element elementor-element-a685a71 elementor-widget elementor-widget-pxl_contact_form\" data-id=\"a685a71\" data-element_type=\"widget\" data-widget_type=\"pxl_contact_form.default\">\n\t\t\t\t<div class=\"elementor-widget-container\">\n\t\t\t\t\t    <div class=\"pxl-cf7 pxl-cf7__df pxl-cf7__default pxl-cf7__btn-auto \" data-wow-delay=\"ms\" >\r\n        \n<div class=\"wpcf7 no-js\" id=\"wpcf7-f30355-o1\" lang=\"en-US\" dir=\"ltr\" data-wpcf7-id=\"30355\">\n<div class=\"screen-reader-response\"><p role=\"status\" aria-live=\"polite\" aria-atomic=\"true\"><\/p> <ul><\/ul><\/div>\n<form action=\"\/tr\/wp-json\/wp\/v2\/pages\/26314#wpcf7-f30355-o1\" method=\"post\" class=\"wpcf7-form init\" aria-label=\"Contact form\" novalidate=\"novalidate\" data-status=\"init\">\n<fieldset class=\"hidden-fields-container\"><input type=\"hidden\" name=\"_wpcf7\" value=\"30355\" \/><input type=\"hidden\" name=\"_wpcf7_version\" value=\"6.1.2\" \/><input type=\"hidden\" name=\"_wpcf7_locale\" value=\"en_US\" \/><input type=\"hidden\" name=\"_wpcf7_unit_tag\" value=\"wpcf7-f30355-o1\" \/><input type=\"hidden\" name=\"_wpcf7_container_post\" value=\"0\" \/><input type=\"hidden\" name=\"_wpcf7_posted_data_hash\" value=\"\" \/>\n<\/fieldset>\n<div class=\"pxl-cf7__wrap container\"><div class=\"input-filled row\"><div class=\"input-filled col-xl-6 col-lg-6 col-md-6 col-sm-6 col-xs-12\"><label>Ad Soyad<\/label><span class=\"wpcf7-form-control-wrap\" data-name=\"your-name\"><input size=\"40\" maxlength=\"400\" class=\"wpcf7-form-control wpcf7-text wpcf7-validates-as-required\" aria-required=\"true\" aria-invalid=\"false\" placeholder=\"Ad Soyad\" value=\"\" type=\"text\" name=\"your-name\" \/><\/span><\/div ><div class=\"input-filled col-xl-6 col-lg-6 col-md-6 col-sm-6 col-xs-12\"><label>Telefon numaras\u0131<\/label><span class=\"wpcf7-form-control-wrap\" data-name=\"your-phone\"><input size=\"40\" maxlength=\"400\" class=\"wpcf7-form-control wpcf7-text wpcf7-validates-as-required\" id=\"your-phone\" aria-required=\"true\" aria-invalid=\"false\" placeholder=\"(201) 000-0000\" value=\"\" type=\"text\" name=\"your-phone\" \/><\/span><\/div ><div class=\"input-filled col-xl-12 col-lg-12 col-md-12 col-sm-12 col-xs-12\"><label>E-posta<\/label><span class=\"wpcf7-form-control-wrap\" data-name=\"your-mail\"><input size=\"40\" maxlength=\"400\" class=\"wpcf7-form-control wpcf7-email wpcf7-validates-as-required wpcf7-text wpcf7-validates-as-email\" aria-required=\"true\" aria-invalid=\"false\" placeholder=\"E-postan\u0131z\u0131 girin\" value=\"\" type=\"email\" name=\"your-mail\" \/><\/span><\/div ><div class=\"input-filled col-xl-12 col-lg-12 col-md-12 col-sm-12 col-xs-12\"><label>Mesaj<\/label><span class=\"wpcf7-form-control-wrap\" data-name=\"your-mess\"><textarea cols=\"40\" rows=\"10\" maxlength=\"2000\" class=\"wpcf7-form-control wpcf7-textarea wpcf7-validates-as-required\" aria-required=\"true\" aria-invalid=\"false\" placeholder=\"Bize bir mesaj b\u0131rak\u0131n...\" name=\"your-mess\"><\/textarea><\/span><\/div><div class=\"input-filled col-xl-12 col-lg-12 col-md-12 col-sm-12 col-xs-12\"><button type=\"submit\" class=\"wpcf7-submit btn btn-primary btn-block btn-glossy\">Mesaj G\u00f6nder<\/button><\/div><\/div><\/div><div class=\"wpcf7-response-output\" aria-hidden=\"true\"><\/div>\n<\/form>\n<\/div>\n    <\/div>\r\n\t\t\t\t<\/div>\n\t\t\t\t<\/div>\n\t\t\t\t<\/div>\r\n\t\t\t\t\t<\/div>\r\n\t\t\t\t<\/div>\r\n\t\t\t\t<\/div>\n\t\t","protected":false},"excerpt":{"rendered":"<p>Bak\u0131m plan\u0131m\u0131z, yapay zeka olu\u015fturma deneyiminizin her zaman sorunsuz, g\u00fcvenli ve verimli bir \u015fekilde \u00e7al\u0131\u015fmas\u0131n\u0131 sa\u011flar. Aboneler yeni \u00f6zelliklere, sistem optimizasyonlar\u0131na ve ki\u015fiselle\u015ftirilmi\u015f teknik yard\u0131ma \u00f6ncelikli eri\u015fim hakk\u0131na sahiptir. D\u00fczenli olarak sunulan otomatik g\u00fcncellemeler, hata d\u00fczeltmeleri ve performans geli\u015ftirmeleri ile en \u00f6nemli \u015feye odaklanabilirsiniz &#8211; yaratmaya.Gerisini biz hallederiz. D\u00fczenli olarak sunulan otomatik g\u00fcncellemeler, hata d\u00fczeltmeleri [&hellip;]<\/p>\n","protected":false},"author":1,"featured_media":0,"parent":0,"menu_order":0,"comment_status":"closed","ping_status":"closed","template":"","meta":{"footnotes":""},"class_list":["post-26314","page","type-page","status-publish","hentry"],"_links":{"self":[{"href":"https:\/\/image-spot.com\/tr\/wp-json\/wp\/v2\/pages\/26314","targetHints":{"allow":["GET"]}}],"collection":[{"href":"https:\/\/image-spot.com\/tr\/wp-json\/wp\/v2\/pages"}],"about":[{"href":"https:\/\/image-spot.com\/tr\/wp-json\/wp\/v2\/types\/page"}],"author":[{"embeddable":true,"href":"https:\/\/image-spot.com\/tr\/wp-json\/wp\/v2\/users\/1"}],"replies":[{"embeddable":true,"href":"https:\/\/image-spot.com\/tr\/wp-json\/wp\/v2\/comments?post=26314"}],"version-history":[{"count":7,"href":"https:\/\/image-spot.com\/tr\/wp-json\/wp\/v2\/pages\/26314\/revisions"}],"predecessor-version":[{"id":36958,"href":"https:\/\/image-spot.com\/tr\/wp-json\/wp\/v2\/pages\/26314\/revisions\/36958"}],"wp:attachment":[{"href":"https:\/\/image-spot.com\/tr\/wp-json\/wp\/v2\/media?parent=26314"}],"curies":[{"name":"wp","href":"https:\/\/api.w.org\/{rel}","templated":true}]}}